{"id":7477,"date":"2026-01-12T10:53:26","date_gmt":"2026-01-12T10:53:26","guid":{"rendered":"https:\/\/eraunique.com\/?page_id=7477"},"modified":"2026-01-22T10:52:46","modified_gmt":"2026-01-22T10:52:46","slug":"erhan-tuncay","status":"publish","type":"page","link":"https:\/\/eraunique.com\/en\/erhan-tuncay\/","title":{"rendered":"Erhan Tun\u00e7ay"},"content":{"rendered":"<div data-elementor-type=\"wp-page\" data-elementor-id=\"7477\" class=\"elementor elementor-7477\">\n\t\t\t\t<div class=\"elementor-element elementor-element-34a309c e-con-full e-flex e-con e-parent\" data-id=\"34a309c\" data-element_type=\"container\" data-e-type=\"container\" data-settings=\"{&quot;background_background&quot;:&quot;classic&quot;}\">\n\t\t<div class=\"elementor-element elementor-element-c9b72c9 e-flex e-con-boxed e-con e-child\" data-id=\"c9b72c9\" data-element_type=\"container\" data-e-type=\"container\">\n\t\t\t\t\t<div class=\"e-con-inner\">\n\t\t<div class=\"elementor-element elementor-element-3ad7007 e-con-full e-flex e-con e-child\" data-id=\"3ad7007\" data-element_type=\"container\" data-e-type=\"container\">\n\t\t\t\t<div class=\"elementor-element elementor-element-9abdc0e elementor-widget elementor-widget-realarteaminfo\" data-id=\"9abdc0e\" data-element_type=\"widget\" data-e-type=\"widget\" data-widget_type=\"realarteaminfo.default\">\n\t\t\t\t<div class=\"elementor-widget-container\">\n\t\t\t\t\t<div class=\"th-team team-card style4\"><div class=\"img-wrap\"><div class=\"team-img\"><img decoding=\"async\" src=\"https:\/\/eraunique.com\/wp-content\/uploads\/2026\/01\/Screenshot_1.jpg\" alt=\"Screenshot_1\"  \/><\/div><div class=\"th-social-wrap\"><div class=\"th-social\"><a  rel=\"nofollow\" href=\"https:\/\/www.instagram.com\/\"><i aria-hidden=\"true\" class=\"fab fa-instagram\"><\/i><\/a> <a  rel=\"nofollow\" href=\"https:\/\/www.linkedin.com\/in\/\"><i aria-hidden=\"true\" class=\"fab fa-linkedin-in\"><\/i><\/a> <a  rel=\"nofollow\" href=\"mailto:erhan.tuncay@era.com.tr\"><i aria-hidden=\"true\" class=\"fas fa-mail-bulk\"><\/i><\/a> <\/div><\/div><\/div><div class=\"team-card-content\"><div class=\"media-left\"><h3 class=\"box-title name\">Erhan Tun\u00e7ay<\/h3><span class=\"team-desig team-about_desig\">Property Consultant<\/span><\/div><a class=\"icon-btn\" href=\"tel:+905322736586\"><img decoding=\"async\" src=\"https:\/\/eraunique.com\/wp-content\/uploads\/2024\/05\/phone.svg\" alt=\"img\"><\/a> <\/div><\/div>\t\t\t\t<\/div>\n\t\t\t\t<\/div>\n\t\t\t\t<\/div>\n\t\t<div class=\"elementor-element elementor-element-e634153 e-con-full about-card e-flex e-con e-child\" data-id=\"e634153\" data-element_type=\"container\" data-e-type=\"container\">\n\t\t\t\t<div class=\"elementor-element elementor-element-11cb3df elementor-widget elementor-widget-text-editor\" data-id=\"11cb3df\" data-element_type=\"widget\" data-e-type=\"widget\" data-widget_type=\"text-editor.default\">\n\t\t\t\t<div class=\"elementor-widget-container\">\n\t\t\t\t\t\t\t\t\t<h2 class=\"about-card_title text-theme mb-45\">G\u00fcvene Dayal\u0131, Stratejik ve Profesyonel Gayrimenkul Dan\u0131\u015fmanl\u0131\u011f\u0131<\/h2>\t\t\t\t\t\t\t\t<\/div>\n\t\t\t\t<\/div>\n\t\t\t\t<div class=\"elementor-element elementor-element-5b91fbc elementor-widget elementor-widget-text-editor\" data-id=\"5b91fbc\" data-element_type=\"widget\" data-e-type=\"widget\" data-widget_type=\"text-editor.default\">\n\t\t\t\t<div class=\"elementor-widget-container\">\n\t\t\t\t\t\t\t\t\t<p>37 y\u0131l\u0131 a\u015fk\u0131n kurumsal tecr\u00fcbe, \u00fcst d\u00fczey y\u00f6neticilik ge\u00e7mi\u015fi ve g\u00fc\u00e7l\u00fc finansal analiz yakla\u015f\u0131m\u0131yla; konut ve ticari gayrimenkul yat\u0131r\u0131mlar\u0131n\u0131zda do\u011fru kararlar alman\u0131z i\u00e7in yan\u0131n\u0131zday\u0131m.<br \/>Saint-Joseph Frans\u0131z Lisesi ve Bo\u011fazi\u00e7i \u00dcniversitesi \u0130\u015fletme Fak\u00fcltesi ile Kamu Y\u00f6netimi b\u00f6l\u00fcmlerinden mezunum.<br \/>Bankac\u0131l\u0131k ve sigortac\u0131l\u0131k sekt\u00f6rlerinde 37 y\u0131l\u0131 a\u015fk\u0131n profesyonel i\u015f hayat\u0131m\u0131n 15 y\u0131l\u0131n\u0131 \u00fcst d\u00fczey y\u00f6netici olarak ge\u00e7irdim. Garanti Bankas\u0131 Genel M\u00fcd\u00fcrl\u00fc\u011f\u00fc\u2019nde pazarlama, kurumsal krediler ve uluslararas\u0131 ili\u015fkiler alanlar\u0131nda y\u00f6neticilik yapt\u0131m; yurt d\u0131\u015f\u0131nda temsilcilik g\u00f6revlerinde bulundum. Ard\u0131ndan Garanti Sigorta A.\u015e. ve Garanti Emeklilik\/Hayat A.\u015e.\u2019de Genel M\u00fcd\u00fcrl\u00fck, T\u00fcrkiye Sigorta \u015eirketleri Birli\u011fi\u2019nde ise Genel Sekreterlik g\u00f6revlerini \u00fcstlendim.<br \/>Bu s\u00fcre\u00e7te kamu otoriteleri, \u00f6zel sekt\u00f6r, yat\u0131r\u0131mc\u0131lar ve uluslararas\u0131 kurulu\u015flarla y\u00fcr\u00fct\u00fclen ili\u015fkilerin y\u00f6netiminde aktif rol ald\u0131m. Edindi\u011fim bu kurumsal birikimi bug\u00fcn gayrimenkul dan\u0131\u015fmanl\u0131\u011f\u0131 alan\u0131nda; g\u00fcvene, bilgiye ve \u015feffafl\u0131\u011fa dayal\u0131 profesyonel bir hizmet anlay\u0131\u015f\u0131yla kullan\u0131yorum.<br \/>Konut ve ticari gayrimenkul al\u0131m, sat\u0131m, kiralama ve yat\u0131r\u0131m s\u00fcre\u00e7lerinde; riskleri do\u011fru analiz eden, haklar\u0131n\u0131z\u0131 koruyan ve en verimli sonu\u00e7lar\u0131 hedefleyen bir dan\u0131\u015fmanl\u0131k sunuyorum.<br \/>\u00c7al\u0131\u015fmalar\u0131m\u0131 ERA Unique Gayrimenkul Dan\u0131\u015fmanl\u0131\u011f\u0131 \u2013 Zekeriyak\u00f6y \/ Sar\u0131yer \/ \u0130stanbul ofisinde s\u00fcrd\u00fcrmekteyim.<br \/>\ud83d\udd39 \u201cNeden Benimle \u00c7al\u0131\u015fmal\u0131s\u0131n\u0131z?\u201d B\u00f6l\u00fcm\u00fc<br \/>\u2714 37 y\u0131l\u0131 a\u015fk\u0131n kurumsal ve profesyonel i\u015f tecr\u00fcbesi<br \/>\u2714 15 y\u0131l \u00fcst d\u00fczey y\u00f6neticilik ve karar alma deneyimi<br \/>\u2714 G\u00fc\u00e7l\u00fc finansal analiz ve risk y\u00f6netimi bak\u0131\u015f a\u00e7\u0131s\u0131<br \/>\u2714 \u015eeffaf, g\u00fcvene dayal\u0131 ve sonu\u00e7 odakl\u0131 \u00e7al\u0131\u015fma anlay\u0131\u015f\u0131<br \/>\u2714 Konut ve ticari gayrimenkulde stratejik dan\u0131\u015fmanl\u0131k yakla\u015f\u0131m\u0131<\/p>\t\t\t\t\t\t\t\t<\/div>\n\t\t\t\t<\/div>\n\t\t\t\t<div class=\"elementor-element elementor-element-c7b21ea form-custom-style elementor-widget elementor-widget-realarcontactform\" data-id=\"c7b21ea\" data-element_type=\"widget\" data-e-type=\"widget\" data-widget_type=\"realarcontactform.default\">\n\t\t\t\t<div class=\"elementor-widget-container\">\n\t\t\t\t\t\n<div class=\"wpcf7 no-js\" id=\"wpcf7-f1616-o1\" lang=\"en-US\" dir=\"ltr\" data-wpcf7-id=\"1616\">\n<div class=\"screen-reader-response\"><p role=\"status\" aria-live=\"polite\" aria-atomic=\"true\"><\/p> <ul><\/ul><\/div>\n<form action=\"\/en\/wp-json\/wp\/v2\/pages\/7477#wpcf7-f1616-o1\" method=\"post\" class=\"wpcf7-form init\" aria-label=\"Contact form\" novalidate=\"novalidate\" data-status=\"init\" data-trp-original-action=\"\/en\/wp-json\/wp\/v2\/pages\/7477#wpcf7-f1616-o1\">\n<fieldset class=\"hidden-fields-container\"><input type=\"hidden\" name=\"_wpcf7\" value=\"1616\" \/><input type=\"hidden\" name=\"_wpcf7_version\" value=\"6.1.5\" \/><input type=\"hidden\" name=\"_wpcf7_locale\" value=\"en_US\" \/><input type=\"hidden\" name=\"_wpcf7_unit_tag\" value=\"wpcf7-f1616-o1\" \/><input type=\"hidden\" name=\"_wpcf7_container_post\" value=\"0\" \/><input type=\"hidden\" name=\"_wpcf7_posted_data_hash\" value=\"\" \/>\n<\/fieldset>\n<div class=\"appointment-form\">\n    <div class=\"row\">\n        <div class=\"form-group style-border style-radius col-md-6\">\n            <span class=\"wpcf7-form-control-wrap\" data-name=\"text-999\"><input size=\"40\" maxlength=\"400\" class=\"wpcf7-form-control wpcf7-text wpcf7-validates-as-required form-control\" id=\"text-999\" aria-required=\"true\" aria-invalid=\"false\" placeholder=\"Your Name*\" value=\"\" type=\"text\" name=\"text-999\" \/><\/span><i class=\"fal fa-user\"><\/i>\n        <\/div>\n        <div class=\"form-group style-border style-radius col-md-6\">\n            <span class=\"wpcf7-form-control-wrap\" data-name=\"email-717\"><input size=\"40\" maxlength=\"400\" class=\"wpcf7-form-control wpcf7-email wpcf7-validates-as-required wpcf7-text wpcf7-validates-as-email form-control\" id=\"email-717\" aria-required=\"true\" aria-invalid=\"false\" placeholder=\"Email*\" value=\"\" type=\"email\" name=\"email-717\" \/><\/span><i class=\"fal fa-envelope\"><\/i>\n        <\/div>\n        <div class=\"form-group style-border style-radius col-md-12\">\n            <span class=\"wpcf7-form-control-wrap\" data-name=\"menu-837\"><select class=\"wpcf7-form-control wpcf7-select wpcf7-validates-as-required form-select\" id=\"menu-837\" aria-required=\"true\" aria-invalid=\"false\" name=\"menu-837\"><option value=\"Gayrimenkul\">Real Estate<\/option><option value=\"Daire\">Apartment<\/option><option value=\"Konut\">Konut<\/option><option value=\"Deluxe\">Deluxe<\/option><\/select><\/span><i class=\"fal fa-angle-down\"><\/i>\n        <\/div>\n        <div class=\"col-12 form-group style-border style-radius\">\n            <i class=\"far fa-comments\"><\/i>\n            <span class=\"wpcf7-form-control-wrap\" data-name=\"textarea-873\"><textarea cols=\"40\" rows=\"10\" maxlength=\"2000\" class=\"wpcf7-form-control wpcf7-textarea form-control\" id=\"textarea-873\" aria-invalid=\"false\" placeholder=\"Write Your Message\" name=\"textarea-873\"><\/textarea><\/span><\/div>\n        <div class=\"col-12 form-btn mt-4\">\n            <button class=\"th-btn style-border2 th-custom-icon\">Send Message <span class=\"btn-icon\"><img decoding=\"async\" src=\"https:\/\/eraunique.com\/wp-content\/uploads\/2024\/05\/paper-plane.svg\" alt=\"img\"><\/span><\/button>\n        <\/div>\n    <\/div>\n    <p class=\"form-messages mb-0 mt-3\"><\/p>\n<\/div><div class=\"wpcf7-response-output\" aria-hidden=\"true\"><\/div>\n<input type=\"hidden\" name=\"trp-form-language\" value=\"en\"\/><\/form>\n<\/div>\n\t\t\t\t<\/div>\n\t\t\t\t<\/div>\n\t\t\t\t<\/div>\n\t\t\t\t\t<\/div>\n\t\t\t\t<\/div>\n\t\t\t\t<\/div>\n\t\t\t\t<\/div>","protected":false},"excerpt":{"rendered":"<p>Erhan Tun\u00e7ay Gayrimenkul Dan\u0131\u015fman\u0131 G\u00fcvene Dayal\u0131, Stratejik ve Profesyonel Gayrimenkul Dan\u0131\u015fmanl\u0131\u011f\u0131 37 y\u0131l\u0131 a\u015fk\u0131n kurumsal tecr\u00fcbe, \u00fcst d\u00fczey y\u00f6neticilik ge\u00e7mi\u015fi ve g\u00fc\u00e7l\u00fc finansal analiz yakla\u015f\u0131m\u0131yla; konut ve ticari gayrimenkul yat\u0131r\u0131mlar\u0131n\u0131zda do\u011fru kararlar alman\u0131z i\u00e7in yan\u0131n\u0131zday\u0131m.Saint-Joseph Frans\u0131z Lisesi ve Bo\u011fazi\u00e7i \u00dcniversitesi \u0130\u015fletme Fak\u00fcltesi ile Kamu Y\u00f6netimi b\u00f6l\u00fcmlerinden mezunum.Bankac\u0131l\u0131k ve sigortac\u0131l\u0131k sekt\u00f6rlerinde 37 y\u0131l\u0131 a\u015fk\u0131n profesyonel i\u015f&#8230;<\/p>","protected":false},"author":1,"featured_media":0,"parent":0,"menu_order":0,"comment_status":"closed","ping_status":"closed","template":"template-builder.php","meta":{"_monsterinsights_skip_tracking":false,"_monsterinsights_sitenote_active":false,"_monsterinsights_sitenote_note":"","_monsterinsights_sitenote_category":0,"footnotes":""},"class_list":["post-7477","page","type-page","status-publish","hentry"],"aioseo_notices":[],"_links":{"self":[{"href":"https:\/\/eraunique.com\/en\/wp-json\/wp\/v2\/pages\/7477","targetHints":{"allow":["GET"]}}],"collection":[{"href":"https:\/\/eraunique.com\/en\/wp-json\/wp\/v2\/pages"}],"about":[{"href":"https:\/\/eraunique.com\/en\/wp-json\/wp\/v2\/types\/page"}],"author":[{"embeddable":true,"href":"https:\/\/eraunique.com\/en\/wp-json\/wp\/v2\/users\/1"}],"replies":[{"embeddable":true,"href":"https:\/\/eraunique.com\/en\/wp-json\/wp\/v2\/comments?post=7477"}],"version-history":[{"count":14,"href":"https:\/\/eraunique.com\/en\/wp-json\/wp\/v2\/pages\/7477\/revisions"}],"predecessor-version":[{"id":7549,"href":"https:\/\/eraunique.com\/en\/wp-json\/wp\/v2\/pages\/7477\/revisions\/7549"}],"wp:attachment":[{"href":"https:\/\/eraunique.com\/en\/wp-json\/wp\/v2\/media?parent=7477"}],"curies":[{"name":"wp","href":"https:\/\/api.w.org\/{rel}","templated":true}]}}