{"id":6970,"date":"2025-06-11T11:31:09","date_gmt":"2025-06-11T11:31:09","guid":{"rendered":"https:\/\/eraunique.com\/?page_id=6970"},"modified":"2025-06-11T11:31:09","modified_gmt":"2025-06-11T11:31:09","slug":"web-sitesi-aydinlatma-metni","status":"publish","type":"page","link":"https:\/\/eraunique.com\/en\/web-sitesi-aydinlatma-metni\/","title":{"rendered":"WEB S\u0130TES\u0130 AYDINLATMA METN\u0130"},"content":{"rendered":"<p>Era Gayrimenkul Franchising Pazarlama ve Dan\u0131\u015fmanl\u0131k Hizmetleri A.\u015e. olarak\u00a0<b>6698 say\u0131l\u0131<\/b>\u00a0Ki\u015fisel Verilerin Korunmas\u0131 Kanunu\u2019nda tan\u0131ml\u0131 veri sorumlusu s\u0131fat\u0131yla i\u015fledi\u011fimiz ki\u015fisel verilerinizin g\u00fcvenli\u011fine \u00f6nem veriyoruz. Bu nedenle sizleri ki\u015fisel verilerinizin i\u015flenmesine ili\u015fkin olarak bilgilendirmek isteriz.<\/p>\n<h4 class=\"text-primary\">K\u0130\u015e\u0130SEL VER\u0130LER\u0130N\u0130Z\u0130N \u0130\u015eLENME AMACI VE HUKUK\u0130 SEBEB\u0130<\/h4>\n<p>Ki\u015fisel verileriniz\u00a0<b>6698 say\u0131l\u0131<\/b>\u00a0Ki\u015fisel Verilerin Korunmas\u0131 Kanunu ve ikincil d\u00fczenlemelere uygun olarak a\u015fa\u011f\u0131da belirtilen ama\u00e7lar ve hukuki sebepler \u00e7er\u00e7evesinde i\u015flenmektedir: Ki\u015fisel veriler tabi olunan mevzuat uyar\u0131nca; \u015eirket i\u00e7i ya da \u015eirket d\u0131\u015f\u0131 i\u015f ve i\u015flemlerde yerine getirilmesi gereken y\u00fck\u00fcml\u00fcl\u00fcklerin sa\u011flanmas\u0131; S\u00f6zle\u015fmesel ili\u015fki kapsam\u0131ndaki y\u00fck\u00fcml\u00fcl\u00fcklerin gere\u011fi gibi ifa edilmesi; M\u00fc\u015fteri ili\u015fkilerinin y\u00fcr\u00fct\u00fclmesi; \u015eirket\u2019imizin ticari faaliyetlerine ba\u011fl\u0131 olarak sunulan \u00fcr\u00fcn ve hizmetlerin be\u011feni ve ihtiya\u00e7lara g\u00f6re \u015fekillendirilmesi; \u015eirketimizin ticari i\u015f ve stratejilerinin belirlenmesi; \u015eirket\u2019e ait Elektronik (internet\/mobile vs.) veya k\u00e2\u011f\u0131t ortam\u0131nda sa\u011flanan hizmetlere dayanak olacak t\u00fcm kay\u0131t ve belgelerin d\u00fczenlenmesi; Kurumsal s\u00fcrd\u00fcr\u00fclebilirlik, y\u00f6netim, planlama ve bilgi g\u00fcvenli\u011fi s\u00fcre\u00e7lerinin planlanmas\u0131 ve icras\u0131; Kamu ve \u00f6zel hukuk ki\u015fileriyle yap\u0131lm\u0131\u015f olan anla\u015fmalarda \u00f6ng\u00f6r\u00fclen y\u00fck\u00fcml\u00fcl\u00fcklere uyulmas\u0131; Talep edilen di\u011fer hizmetlerin sunulabilmesi; gibi ama\u00e7lar do\u011frultusunda i\u015flenmektedir. Bu kapsamda www.eragayrimenkul.com.tr adresli web sitemizde temin edilen \u201cad-soyad, e-mail adresi, telefon numaras\u0131, IP Adresi, Log Kay\u0131tlar\u0131\u201d gibi ki\u015fisel verileriniz \u015firketin me\u015fru menfaatleri ve yasal y\u00fck\u00fcml\u00fcl\u00fcklerin yerine getirilmesi ile hakk\u0131n tesisi ve korunmas\u0131 hukuki sebeplerine dayal\u0131 olarak 6698 say\u0131l\u0131 kanunun 5. maddesinin 2. f\u0131kras\u0131n\u0131n \u201c\u00e7\u201d, \u201ce\u201d ve \u201cf\u201d f\u0131kralar\u0131ndaki hukuki sebepler kapsam\u0131nda, 5651 say\u0131l\u0131 kanunun kapsam\u0131nda y\u00fck\u00fcml\u00fcl\u00fcklerin yerine getirilmesi, taraf\u0131n\u0131za sunulan hizmetin geli\u015ftirilmesi, g\u00fcvenli\u011fini sa\u011flanmas\u0131, hileli ya da izinsiz kullan\u0131mlar\u0131n tespit edilmesi, operasyonel de\u011ferlendirmelerin ara\u015ft\u0131r\u0131lmas\u0131, \u0130nternet Sitesi hizmetlerine ili\u015fkin hatalar\u0131n giderilmesi, taraf\u0131n\u0131zla ileti\u015fim kurulmas\u0131, internet kullan\u0131m faaliyetlerinizin kolayla\u015ft\u0131r\u0131lmas\u0131 ve \u00e7erez politikam\u0131zda belirtti\u011fimiz di\u011fer ama\u00e7lar ile i\u015flenmektedir.<\/p>","protected":false},"excerpt":{"rendered":"<p>Era Gayrimenkul Franchising Pazarlama ve Dan\u0131\u015fmanl\u0131k Hizmetleri A.\u015e. olarak\u00a06698 say\u0131l\u0131\u00a0Ki\u015fisel Verilerin Korunmas\u0131 Kanunu\u2019nda tan\u0131ml\u0131 veri sorumlusu s\u0131fat\u0131yla i\u015fledi\u011fimiz ki\u015fisel verilerinizin g\u00fcvenli\u011fine \u00f6nem veriyoruz. Bu nedenle sizleri ki\u015fisel verilerinizin i\u015flenmesine ili\u015fkin olarak bilgilendirmek isteriz. K\u0130\u015e\u0130SEL VER\u0130LER\u0130N\u0130Z\u0130N \u0130\u015eLENME AMACI VE HUKUK\u0130 SEBEB\u0130 Ki\u015fisel verileriniz\u00a06698 say\u0131l\u0131\u00a0Ki\u015fisel Verilerin Korunmas\u0131 Kanunu ve ikincil d\u00fczenlemelere uygun olarak a\u015fa\u011f\u0131da belirtilen ama\u00e7lar ve&#8230;<\/p>","protected":false},"author":1,"featured_media":0,"parent":0,"menu_order":0,"comment_status":"closed","ping_status":"closed","template":"","meta":{"_monsterinsights_skip_tracking":false,"_monsterinsights_sitenote_active":false,"_monsterinsights_sitenote_note":"","_monsterinsights_sitenote_category":0,"footnotes":""},"class_list":["post-6970","page","type-page","status-publish","hentry","page--item"],"aioseo_notices":[],"_links":{"self":[{"href":"https:\/\/eraunique.com\/en\/wp-json\/wp\/v2\/pages\/6970","targetHints":{"allow":["GET"]}}],"collection":[{"href":"https:\/\/eraunique.com\/en\/wp-json\/wp\/v2\/pages"}],"about":[{"href":"https:\/\/eraunique.com\/en\/wp-json\/wp\/v2\/types\/page"}],"author":[{"embeddable":true,"href":"https:\/\/eraunique.com\/en\/wp-json\/wp\/v2\/users\/1"}],"replies":[{"embeddable":true,"href":"https:\/\/eraunique.com\/en\/wp-json\/wp\/v2\/comments?post=6970"}],"version-history":[{"count":1,"href":"https:\/\/eraunique.com\/en\/wp-json\/wp\/v2\/pages\/6970\/revisions"}],"predecessor-version":[{"id":6971,"href":"https:\/\/eraunique.com\/en\/wp-json\/wp\/v2\/pages\/6970\/revisions\/6971"}],"wp:attachment":[{"href":"https:\/\/eraunique.com\/en\/wp-json\/wp\/v2\/media?parent=6970"}],"curies":[{"name":"wp","href":"https:\/\/api.w.org\/{rel}","templated":true}]}}