{"id":6967,"date":"2025-06-11T11:30:48","date_gmt":"2025-06-11T11:30:48","guid":{"rendered":"https:\/\/eraunique.com\/?page_id=6967"},"modified":"2026-01-13T13:02:15","modified_gmt":"2026-01-13T13:02:15","slug":"cerez-politikasi","status":"publish","type":"page","link":"https:\/\/eraunique.com\/en\/cerez-politikasi\/","title":{"rendered":"\u00c7EREZ POL\u0130T\u0130KASI"},"content":{"rendered":"<p>Era Gayrimenkul Franchising Pazarlama ve Dan\u0131\u015fmanl\u0131k Hizmetleri A.\u015e. olarak sahip oldu\u011fumuz\u00a0<a class=\"text-secondary\" href=\"https:\/\/www.eraunique.com.tr\/bilgiler\/cerez-politikasi-9#\">www.eragayrimenkul.com.tr<\/a>\u00a0web sitemizin (&#8220;Web Sitesi&#8221;) ziyaret\u00e7ilerinin gizlilik ve ki\u015fisel verilerinin korunmas\u0131 haklar\u0131n\u0131 g\u00f6zeterek ziyaret\u00e7ilerimize daha iyi bir kullan\u0131m deneyimi sa\u011flayabilmek i\u00e7in ki\u015fisel verilerini i\u015flemekte ve internet \u00e7erezleri kullanmaktay\u0131z. Bu \u00c7erez Kullan\u0131m\u0131 Politikas\u0131 (&#8220;Politika&#8221;), t\u00fcm Web Sitesi ziyaret\u00e7ilerimize ve kullan\u0131c\u0131lar\u0131m\u0131za hangi t\u00fcr \u00e7erezlerin hangi ko\u015fullarda kullan\u0131ld\u0131\u011f\u0131n\u0131 a\u00e7\u0131klamaktad\u0131r. \u00dcyelik i\u015flemlerinizin tamamlanarak Web Sitesi&#8217;ne \u00fcye olman\u0131z halinde ki\u015fisel verilerinizin i\u015flenmesine dair detayl\u0131 bilgilere Ayd\u0131nlatma Metni&#8217;nde ula\u015fabilirsiniz.<\/p>\n<p>Bu Politika, Web Sitesi&#8217;ne hangi teknolojilerle, hangi y\u00f6ntemlerle ve ne \u015fekilde ba\u011fland\u0131\u011f\u0131n\u0131za ba\u011fl\u0131 olmaks\u0131z\u0131n uygulanmaktad\u0131r. Dolay\u0131s\u0131yla bu Politika&#8217;y\u0131 dikkatlice okuyup ileride inceleyebilmeniz a\u00e7\u0131s\u0131ndan bir kopyas\u0131n\u0131 alman\u0131z\u0131 tavsiye ederiz.<\/p>\n<p><strong>I. Re\u015fit Olmayanlar<\/strong><br \/>\n18 ya\u015f\u0131n alt\u0131ndaysan\u0131z Web Sitesi&#8217;ni ebeveynlerinizin refakati alt\u0131nda ziyaret etmeniz gerekmektedir. Ebeveynlerinizin refakati olmadan bu Web Sitesi&#8217;ni kullanmaman\u0131z ve hi\u00e7bir ki\u015fisel verinizi payla\u015fmaman\u0131z gerekmektedir.<\/p>\n<p><strong>II. \u00c7erez Nedir ve Hangi Ama\u00e7larla Kullan\u0131l\u0131r?<\/strong><br \/>\n\u00c7erez, internet siteleri taraf\u0131ndan eri\u015fim sa\u011flad\u0131\u011f\u0131n\u0131z bilgisayar\u0131n\u0131za, cep telefonlar\u0131n\u0131za, tabletlerinize veya di\u011fer mobil cihazlar\u0131n\u0131za kaydedilen k\u00fc\u00e7\u00fck veri depolama dosyalar\u0131d\u0131r. Bu dosyada Web Sitesi gezintinize ait bilgiler saklan\u0131r. B\u00f6ylelikle eri\u015fim sa\u011flad\u0131\u011f\u0131n\u0131z cihazlar\u0131n\u0131z Web Sitesi&#8217;ni tekrar kulland\u0131\u011f\u0131n\u0131zda bu verilerinizi hat\u0131rlayacakt\u0131r. Dolay\u0131s\u0131yla \u00e7erezler, Web Sitesi&#8217;ni etkili ve daha kolay kullanabilmeniz i\u00e7in gerekli ve \u00f6nemlidir. \u00c7erezler ayr\u0131ca Web Sitesi&#8217;nde ve \u00fc\u00e7\u00fcnc\u00fc ki\u015filerin web sitelerinde size daha uygun hizmet, \u00fcr\u00fcn veya teklifler sunabilmemiz i\u00e7in kullan\u0131lmaktad\u0131r.<\/p>\n<p>\u00c7erezlerin kullan\u0131lmas\u0131n\u0131n temel ama\u00e7lar\u0131;<\/p>\n<p>&#8211; Web Sitesi&#8217;nin daha etkili kullan\u0131labilmesi i\u00e7in baz\u0131 teknik verilere ihtiya\u00e7 duyulmas\u0131,<br \/>\n&#8211; \u015eirket&#8217;in sizin Web Sitesi&#8217;ni tarama ve kullanma tercih ve al\u0131\u015fkanl\u0131klar\u0131n\u0131za ili\u015fkin bilgilerin toplanmas\u0131,<br \/>\n&#8211; \u015eirket&#8217;in, 5651 say\u0131l\u0131 Internet Ortam\u0131nda Yap\u0131lan Yay\u0131nlar\u0131n D\u00fczenlenmesi ve Bu Yay\u0131nlar Yoluyla \u0130\u015flenen Su\u00e7larla M\u00fccadele Edilmesi Hakk\u0131nda Kanun ve Internet Ortam\u0131nda Yap\u0131lan Yay\u0131nlar\u0131n D\u00fczenlenmesine Dair Usul ve Esaslar Hakk\u0131nda Y\u00f6netmelik&#8217;ten kaynaklananlar ba\u015fta olmak \u00fczere, kanuni ve s\u00f6zle\u015fmesel y\u00fck\u00fcml\u00fcl\u00fcklerini yerine getirebilmesi i\u00e7in IP adresiniz gibi ki\u015fisel verilerinize ihtiya\u00e7 duymas\u0131,<br \/>\n<strong>III. \u00c7erezlerle Hangi T\u00fcr Verilerinizi \u0130\u015fliyoruz?<\/strong>\u00a0\u00c7erezler, t\u00fcrlerine ba\u011fl\u0131 olmak \u00fczere, genel olarak, Web Sitesi&#8217;ne eri\u015fti\u011finiz cihazda tarama ve kullan\u0131m tercihlerinize ili\u015fkin verileri toplamaktad\u0131r. Bu veriler, eri\u015fti\u011finiz sayfalar\u0131, inceledi\u011finiz hizmet ve \u00fcr\u00fcnlerimizi, Web Sitesi&#8217;nde yapt\u0131\u011f\u0131n\u0131z gezintiye ili\u015fkin t\u00fcm bilgileri kapsamaktad\u0131r.<\/p>\n<p><strong>IV. Hangi T\u00fcr \u00c7erezleri Hangi \u015eekillerde Kullan\u0131yoruz?<\/strong><br \/>\nWeb Sitesi&#8217;nde farkl\u0131 t\u00fcrlerde \u00e7erezler kullanmaktay\u0131z. Bunlar Web Sitesi&#8217;nin \u00e7al\u0131\u015fmas\u0131n\u0131 sa\u011flamak i\u00e7in kullan\u0131lmas\u0131 zorunlu olan \u00e7erezler, i\u015flev \u00e7erezleri, analiz\/performans \u00e7erezleri ve hedefleme\/reklam \u00e7erezleridir.<\/p>\n<h3 class=\"text-primary\">KULLANIM BAKIMINDAN \u00c7EREZ T\u00dcRLER\u0130:<\/h3>\n<p>Kullan\u0131lmas\u0131 Zorunlu Olan \u00c7erezler:\u00a0Bu \u00e7erezler, Web Sitesi&#8217;nin d\u00fczg\u00fcn \u015fekilde \u00e7al\u0131\u015fmas\u0131 i\u00e7in mutlaka gerekli olan \u00e7erezlerdir. Bu \u00e7erezlere, sistemin y\u00f6netilebilmesi, sahte i\u015flemlerin \u00f6nlenmesi i\u00e7in ihtiya\u00e7 vard\u0131r ve engellenmesi halinde Web Sitesi \u00e7al\u0131\u015famayacakt\u0131r.<\/p>\n<p>\u0130\u015flev \u00c7erezleri:\u00a0Bu \u00e7erezler size daha geli\u015fmi\u015f ve kolay bir kullan\u0131m deneyimi ya\u015fatmak i\u00e7in kullan\u0131lan \u00e7erezlerdir. \u00d6rne\u011fin \u00f6nceki tercihlerinizi hat\u0131rlamak, Web Sitesi \u00fczerinde yer alan baz\u0131 i\u00e7eriklere rahat\u00e7a eri\u015fmenizi sa\u011flamak i\u015flevlerini yerine getirmektedir. A\u015fa\u011f\u0131da detayl\u0131 olarak a\u00e7\u0131klanan \u015fekilde bu \u00e7erezlerin kullan\u0131m\u0131n\u0131 engelleyebilirsiniz.<\/p>\n<p>Analiz\/Performans \u00c7erezleri:\u00a0Bu \u00e7erezler, Web Sitesi&#8217;nin i\u015fleyi\u015finizi analiz edip anlam\u0131m\u0131z\u0131 sa\u011flayan ve sizinle etkile\u015fime ge\u00e7erek Web Sitesi&#8217;ni geli\u015ftirebilmemizi sa\u011flamaktad\u0131r. A\u015fa\u011f\u0131da detayl\u0131 olarak a\u00e7\u0131klanan \u015fekilde bu \u00e7erezlerin kullan\u0131m\u0131n\u0131 engelleyebilirsiniz.<\/p>\n<p>Hedefleme\/Reklam \u00c7erezleri:\u00a0Bu \u00e7erezler, size, reklam i\u00e7erikleri de d\u00e2hil olmak \u00fczere, ilginizi \u00e7ekebilecek i\u00e7erikleri saptayarak sunmam\u0131z i\u00e7in kullan\u0131lmaktad\u0131r. A\u015fa\u011f\u0131da detayl\u0131 olarak a\u00e7\u0131klanan \u015fekilde bu \u00e7erezlerin kullan\u0131m\u0131n\u0131 engelleyebilirsiniz. Ancak bu \u00e7erezleri engellemeniz, reklam i\u00e7eriklerini tamamen engellemeyecek sadece sizin ilginizi \u00e7ekebilecek olan reklamlar yerine genel i\u00e7erikli reklamlar sunulacakt\u0131r.<\/p>\n<h3 class=\"text-primary\">SAKLANDI\u011eI S\u00dcRE BAKIMINDAN \u00c7EREZ T\u00dcRLER\u0130:<\/h3>\n<p>Kal\u0131c\u0131 \u00c7erezler (Persistent Cookies):\u00a0Ki\u015finin bilgisayar\u0131nda belirli bir tarihe veya kullan\u0131c\u0131 taraf\u0131ndan silinene kadar varl\u0131\u011f\u0131n\u0131 s\u00fcrd\u00fcren \u00e7erezlerdir. Bu \u00e7erezler, \u00e7o\u011funlukla kullan\u0131c\u0131lar\u0131n site hareketlerini ve tercihlerini \u00f6l\u00e7mek amac\u0131yla kullan\u0131l\u0131r.<\/p>\n<p>Oturum \u00c7erezleri (Session Cookies):\u00a0Bu \u00e7erezler kullan\u0131c\u0131n\u0131n ziyaretini oturumlara ay\u0131rmak i\u00e7in kullan\u0131l\u0131r ve kullan\u0131c\u0131dan veri toplamaz. \u00c7erez, kullan\u0131c\u0131 ziyaret etti\u011fi web sayfas\u0131n\u0131 kapatt\u0131\u011f\u0131nda veya belli bir s\u00fcre pasif kald\u0131\u011f\u0131nda silinir. Web Sitesi&#8217;nde \u00fc\u00e7\u00fcnc\u00fc ki\u015filerin ba\u015fta reklam hizmetleri olmak \u00fczere hizmet sa\u011flamas\u0131na yard\u0131mc\u0131 olmak ve bu hizmetlerin etkinli\u011fini art\u0131rmak i\u00e7in hedef ve izleme \u00e7erezleri kullan\u0131l\u0131r. Bu \u00e7erezler, ziyaret etti\u011finiz web sayfalar\u0131n\u0131 ve siteleri hat\u0131rlayabilir ve ba\u015fta kullan\u0131c\u0131 cihaz\u0131n\u0131n IP adresi olmak \u00fczere ki\u015fisel verileri toplayabilir. Web Sitesi, bilgi toplamak, ilgi alanlar\u0131n\u0131z\u0131 ve demografik verileri hat\u0131rlamak ve size hedeflenmi\u015f reklamlar\u0131 sunmak, reklamlar\u0131 iyile\u015ftirmek ziyaret edilme ve reklam g\u00f6sterimleri say\u0131s\u0131n\u0131, reklam hizmetlerinin di\u011fer kullan\u0131mlar\u0131n\u0131 ve bu reklam g\u00f6sterimleri ve reklam hizmetleriyle ilgili etkile\u015fimler aras\u0131ndaki oran\u0131 belirlemek i\u00e7in hem birinci taraf hem de \u00fc\u00e7\u00fcnc\u00fc taraf \u00e7erezlerini kullanmaktad\u0131r. Web Sitesi; Facebook ve Linkedln gibi sosyal a\u011flara ba\u011flant\u0131 sa\u011flayan sosyal eklentilerden faydalanmaktad\u0131r. Web Sitesi&#8217;ni ziyaret etti\u011finizde ve bu eklentileri kulland\u0131\u011f\u0131n\u0131zda, Web Sitesi do\u011frudan se\u00e7ilen sosyal a\u011f\u0131n sunucusuna ba\u011flan\u0131r. Ard\u0131ndan, eklentinin sundu\u011fu i\u00e7erik do\u011frudan sosyal a\u011flardan web taray\u0131c\u0131n\u0131za iletilir ve ziyaret etmekte oldu\u011funuz web sitesine eklenir. B\u00f6ylelikle ilgili sosyal a\u011f size ait verilere ula\u015farak i\u015fleyebilir ve ilgili sosyal a\u011fdaki hesab\u0131n\u0131za ait verilerle birle\u015ftirebilir.<\/p>\n<p>L\u00fctfen sosyal a\u011flar\u0131n eklentiler arac\u0131l\u0131\u011f\u0131yla i\u015fledi\u011fi verilerin kapsam\u0131 \u00fczerinde herhangi bir etkimiz ve kontrol\u00fcm\u00fcz olmad\u0131\u011f\u0131n\u0131 unutmay\u0131n. Sosyal a\u011flar\u0131n ki\u015fisel verilerinizi hangi ama\u00e7la, hangi y\u00f6ntemlerle ve hangi s\u00fcreyle i\u015fleyece\u011fine ili\u015fkin daha fazla bilgi almak i\u00e7in l\u00fctfen ilgili sosyal a\u011flar taraf\u0131ndan yay\u0131nlanan ki\u015fisel verilerin i\u015flenmesi politikalar\u0131n\u0131 dikkatlice inceleyin.<\/p>\n<div class=\"cb-table\">\n<div class=\"table-responsive-sm\">\n<table class=\"table table-bordered table-hover\">\n<thead>\n<tr class=\"bg-light\">\n<th>\u00c7erezin Ad\u0131<\/th>\n<th>Kullan\u0131m Amac\u0131<\/th>\n<th class=\"text-center\">Kullan\u0131m S\u00fcresi<\/th>\n<\/tr>\n<\/thead>\n<tbody>\n<tr>\n<td>Google Analytics<\/td>\n<td>Google Analytics, \u00e7erezleri ziyaret\u00e7ilerin Web Sitesini nas\u0131l kulland\u0131klar\u0131n\u0131 analiz etmek amac\u0131yla kullan\u0131r. Bu Web Sitesini kullan\u0131m\u0131n\u0131zla ilgili bilgiler (IP adresiniz dahil) Google&#8217;a aktar\u0131larak Google taraf\u0131ndan ABD&#8217;deki sunucularda saklanmaktad\u0131r. Google bu bilgileri Web Sitesini kullan\u0131m\u0131n\u0131z\u0131 de\u011ferlendirmek, \u015eirket i\u00e7in Web Sitesi faaliyetini derlemek ve Web Sitesi faaliyeti ve internet kullan\u0131m\u0131yla ilgili ba\u015fka hizmetler sa\u011flamak amac\u0131yla kullanacakt\u0131r, fakat IP adresinizi Google taraf\u0131ndan depolanan di\u011fer verilerle e\u015fle\u015ftirmeyecektir. Google Analytics kullan\u0131m\u0131 hakk\u0131nda daha fazla bilgi i\u00e7in (reddetme se\u00e7enekleri dahil), \u015fu adresi ziyaret edebilirsiniz:\u00a0<a href=\"https:\/\/marketingplatform.google.com\/about\/\">https:\/\/marketingplatform.google.com\/about\/<\/a><\/td>\n<td>Kal\u0131c\u0131 \u00c7erezler, Oturum \u00c7erezleri<\/td>\n<\/tr>\n<tr>\n<td>Google Ads<\/td>\n<td>Google Ads, \u00e7erezleri, g\u00fcvenli arama tercihlerinizi hat\u0131rlamak, size daha alakal\u0131 reklamlar g\u00f6stermek, bir sayfaya ka\u00e7 ziyaret\u00e7i geldi\u011fini belirlemek, hizmetlerimize kaydolman\u0131za yard\u0131mc\u0131 olmak, verilerinizi korumak veya reklam ayarlar\u0131n\u0131z\u0131 hat\u0131rlamak i\u00e7in kullan\u0131r. Bu, web sitesinin ziyaretinizle ilgili bilgileri (\u00f6rne\u011fin, tercih etti\u011finiz dil ve di\u011fer ayarlar) hat\u0131rlamas\u0131na yard\u0131mc\u0131 olur. Bu Web Sitesini kullan\u0131m\u0131n\u0131zla ilgili bilgiler (IP adresiniz dahil) Google&#8217;a aktar\u0131larak Google taraf\u0131ndan ABD&#8217;deki sunucularda saklanmaktad\u0131r. Google bu bilgileri Web Sitesini kullan\u0131m\u0131n\u0131z\u0131 de\u011ferlendirmek, \u015eirket i\u00e7in Web Sitesi faaliyetini derlemek ve Web Sitesi faaliyeti ve internet kullan\u0131m\u0131yla ilgili ba\u015fka hizmetler sa\u011flamak amac\u0131yla kullanacakt\u0131r, fakat IP adresinizi Google taraf\u0131ndan depolanan di\u011fer verilerle e\u015fle\u015ftirmeyecektir. Google Ads \u00e7erez kullan\u0131m\u0131 hakk\u0131nda daha fazla bilgi i\u00e7in (reddetme se\u00e7enekleri dahil), \u015fu adresi ziyaret edebilirsiniz:\u00a0<a href=\"https:\/\/policies.google.com\/privacy?hl=tr\">https:\/\/policies.google.com\/privacy?hl=tr<\/a><\/td>\n<td>Kal\u0131c\u0131 \u00c7erezler, Oturum \u00c7erezleri<\/td>\n<\/tr>\n<tr>\n<td>Insider<\/td>\n<td>Insider, web taray\u0131c\u0131s\u0131 arac\u0131l\u0131\u011f\u0131yla bilgisayar\u0131n\u0131za veya \u00fc\u00e7\u00fcnc\u00fc taraf bir analiz sa\u011flay\u0131c\u0131s\u0131na ait benzersiz bir tan\u0131mlay\u0131c\u0131 i\u00e7eren k\u00fc\u00e7\u00fck metin dosyalar\u0131 olan \u201c\u00e7erezleri\u201d kullan\u0131r. Bunu hizmetleri ve web sitelerini geli\u015ftirmek i\u00e7in kullan\u0131r. Insider, belirli pazarlama kampanyalar\u0131n\u0131n ve baz\u0131 \u00fcr\u00fcnlerinin performans\u0131n\u0131 izlemek i\u00e7in Google Analytics&#8217;i kullan\u0131r. Bu, \u00fc\u00e7\u00fcnc\u00fc taraf hizmet sa\u011flay\u0131c\u0131lar\u0131n, farkl\u0131 temas noktalar\u0131nda Insider ad\u0131na uyarlanm\u0131\u015f reklamlar olu\u015fturmas\u0131na izin vermektir. Bu servis sa\u011flay\u0131c\u0131lar, ki\u015fisel bilgilerinizi, ileti\u015fim bilgilerinizi vb. \u0130\u00e7ermeyen IP adresinizi ve ki\u015fisel olarak tan\u0131mlanamayan bilgilerinizi toplayabilir. Bu \u00e7erezler ayr\u0131ca web sitemizin nas\u0131l kullan\u0131ld\u0131\u011f\u0131na ve performans\u0131na ili\u015fkin istatistiksel bilgiler de sa\u011flar. Insider \u00e7erez kullan\u0131m\u0131 hakk\u0131nda daha fazla bilgi i\u00e7in (reddetme se\u00e7enekleri dahil), \u015fu adresi ziyaret edebilirsiniz:\u00a0<a href=\"https:\/\/useinsider.com\/privacy-policy\/\">https:\/\/useinsider.com\/privacy-policy\/<\/a><\/td>\n<td>Kal\u0131c\u0131 \u00c7erezler, Oturum \u00c7erezleri<\/td>\n<\/tr>\n<tr>\n<td>Unboxed<\/td>\n<td>Unboxed, \u00e7erezleri, g\u00fcvenli arama tercihlerinizi hat\u0131rlamak, size daha alakal\u0131 reklamlar g\u00f6stermek, bir sayfaya ka\u00e7 ziyaret\u00e7i geldi\u011fini belirlemek, hizmetlerimize kaydolman\u0131za yard\u0131mc\u0131 olmak, verilerinizi korumak veya reklam ayarlar\u0131n\u0131z\u0131 hat\u0131rlamak i\u00e7in kullan\u0131r. Bu, web sitesinin ziyaretinizle ilgili bilgileri (\u00f6rne\u011fin, tercih etti\u011finiz dil ve di\u011fer ayarlar) hat\u0131rlamas\u0131na yard\u0131mc\u0131 olur. Bu Web Sitesini kullan\u0131m\u0131n\u0131zla ilgili bilgiler (IP adresiniz dahil) Google&#8217;a aktar\u0131larak Google taraf\u0131ndan ABD&#8217;deki sunucularda saklanmaktad\u0131r. Google bu bilgileri Web Sitesini kullan\u0131m\u0131n\u0131z\u0131 de\u011ferlendirmek, \u015eirket i\u00e7in Web Sitesi faaliyetini derlemek ve Web Sitesi faaliyeti ve internet kullan\u0131m\u0131yla ilgili ba\u015fka hizmetler sa\u011flamak amac\u0131yla kullanacakt\u0131r, fakat IP adresinizi Google taraf\u0131ndan depolanan di\u011fer verilerle e\u015fle\u015ftirmeyecektir. Google Ads \u00e7erez kullan\u0131m\u0131 hakk\u0131nda daha fazla bilgi i\u00e7in (reddetme se\u00e7enekleri dahil), \u015fu adresi ziyaret edebilirsiniz:\u00a0<a href=\"https:\/\/policies.google.com\/privacy?hl=tr\">https:\/\/policies.google.com\/privacy?hl=tr<\/a><\/td>\n<td>Kal\u0131c\u0131 \u00c7erezler, Oturum \u00c7erezleri<\/td>\n<\/tr>\n<tr>\n<td>Criteo<\/td>\n<td>Criteo \u00e7erezleri, trendleri analiz etmek ve kullan\u0131c\u0131lar\u0131n web siteleri ve mobil uygulamalar etraf\u0131ndaki ilgi alanlar\u0131n\u0131 belirlemek i\u00e7in kullan\u0131r. Bu teknolojiler sayesinde Criteo, i\u015f ortaklar\u0131n\u0131n web sitelerini ve mobil uygulamalar\u0131n\u0131 ziyaret\u00e7ileri \u201cetiketliyor\u201d. Criteo taraf\u0131ndan etiketlenen kullan\u0131c\u0131lara teknik bir tan\u0131mlay\u0131c\u0131 verilir. Criteo, ad\u0131n\u0131z ya da adresiniz gibi ki\u015fisel verileri tan\u0131mlamay\u0131 hi\u00e7bir \u015fekilde \u00fcstlenmez. Criteo, yaln\u0131zca g\u00f6r\u00fcnt\u00fclenen \u00fcr\u00fcnleri veya ziyaret\u00e7inin yapt\u0131\u011f\u0131 aramay\u0131 ve Criteo&#8217;nun reklam yay\u0131nlad\u0131\u011f\u0131 i\u015f orta\u011f\u0131n\u0131n ziyaret etti\u011fi sayfalar\u0131 inceler. Criteo ortaklar\u0131n\u0131n reklamlar\u0131, &#8220;yay\u0131nc\u0131lar&#8221; olarak da bilinen bir\u00e7ok web sitesinde g\u00f6r\u00fcnt\u00fclenir. Bu yay\u0131nc\u0131lar, taray\u0131c\u0131n\u0131za \u00e7erezler de yerle\u015ftirebilir. Bu \u00e7erezler, yay\u0131nc\u0131lar\u0131n Criteo&#8217;nun taray\u0131c\u0131n\u0131z i\u00e7in ki\u015fiselle\u015ftirilmi\u015f bir reklama sahip oldu\u011funu fark etmeleri i\u00e7in oradad\u0131r. Kullan\u0131mlar\u0131, do\u011frudan web sitelerinden eri\u015filebilen yay\u0131nc\u0131lar\u0131n \u00f6zel gizlilik politikalar\u0131 taraf\u0131ndan y\u00f6netilmektedir. Criteo \u00e7erez kullan\u0131m\u0131 hakk\u0131nda daha fazla bilgi i\u00e7in \u015fu adresi ziyaret edebilirsiniz:\u00a0<a href=\"https:\/\/www.criteo.com\/privacy\/\">https:\/\/www.criteo.com\/privacy\/<\/a><\/td>\n<td>Kal\u0131c\u0131 \u00c7erezler, Oturum \u00c7erezleri<\/td>\n<\/tr>\n<tr>\n<td>Facebook<\/td>\n<td>Facebook \u00e7erezleri, facebook hesab\u0131n\u0131z varsa, site ve uygulamalar dahil olmak \u00fczere Facebook \u00fcr\u00fcnlerini kullan\u0131rsan\u0131z veya Facebook \u00fcr\u00fcnlerini kullanan siteleri veya uygulamalar\u0131 (Be\u011fen d\u00fc\u011fmesi ve di\u011fer Facebook Teknolojileri dahil) ziyaret ederseniz, kullan\u0131r. \u00c7erezler, Facebook&#8217;un Facebook \u00fcr\u00fcnlerini size sunmas\u0131n\u0131 ve kay\u0131tl\u0131 veya giri\u015f yapm\u0131\u015f olup olmaman\u0131zdan ba\u011f\u0131ms\u0131z olarak, di\u011fer internet siteleri ve uygulamalar\u0131 kullan\u0131m\u0131n\u0131z dahil olmak \u00fczere sizin hakk\u0131nda ald\u0131\u011f\u0131 bilgileri anlamas\u0131n\u0131 sa\u011flar. \u00c7erezleri; kimlik kontrol\u00fc, g\u00fcvenlik ve site b\u00fct\u00fcnl\u00fc\u011f\u00fc, reklamlar, tavsiyeler, \u00f6l\u00e7\u00fcm, analiz ve raporlama i\u00e7in kullan\u0131r. Facebook \u00e7erez kullan\u0131m\u0131 hakk\u0131nda daha fazla bilgi i\u00e7in \u015fu adresi ziyaret edebilirsiniz:\u00a0<a href=\"https:\/\/tr-tr.facebook.com\/policies\/cookies\/\">https:\/\/tr-tr.facebook.com\/policies\/cookies\/<\/a><\/td>\n<td>Kal\u0131c\u0131 \u00c7erezler, Oturum \u00c7erezleri<\/td>\n<\/tr>\n<\/tbody>\n<\/table>\n<\/div>\n<\/div>\n<p><strong>V. \u00c7erezlerin Kullan\u0131lmas\u0131n\u0131 Nas\u0131l Engelleyebilirsiniz?<\/strong><\/p>\n<p>\u00c7erezlerin kullan\u0131lmas\u0131 Web Sitesi&#8217;nin daha iyi hizmet vermekle birlikte e\u011fer dilerseniz \u00e7erezlerin kullan\u0131lmas\u0131n\u0131 engelleyebilirsiniz. Ancak\u00a0<strong>\u00a0bu takdirde sitenin tam olarak i\u015flevini g\u00f6sterememesi ve t\u00fcm \u00f6zelliklerinden yararlanamayabilece\u011finizi unutmay\u0131n\u0131z.\u00a0<\/strong>\u00a0\u00c7erezlerin kullan\u0131lmas\u0131n\u0131 engellemek i\u00e7in kulland\u0131\u011f\u0131n\u0131z internet taray\u0131c\u0131n\u0131z\u0131n ayarlar\u0131n\u0131z\u0131 de\u011fi\u015ftirmeniz gerekmektedir. Bu de\u011fi\u015fiklikler kulland\u0131\u011f\u0131n\u0131z cihaz ve internet taray\u0131c\u0131s\u0131na g\u00f6re de\u011fi\u015fiklik g\u00f6stermektedir. A\u015fa\u011f\u0131da farkl\u0131 internet taray\u0131c\u0131lar\u0131 \u00fczerinden \u00e7erezlerin kullan\u0131lmas\u0131n\u0131 engellemek i\u00e7in hangi ad\u0131mlar\u0131n izlenmesi gerekti\u011fine ili\u015fkin bilgiler yer almaktad\u0131r:<\/p>\n<p>\u2022\u00a0<strong>Internet Explorer<\/strong><\/p>\n<ol>\n<li>Masa\u00fcst\u00fcn\u00fc a\u00e7\u0131n ve g\u00f6rev \u00e7ubu\u011funda Internet Explorer simgesine dokunun veya t\u0131klay\u0131n.<\/li>\n<li>Ara\u00e7lar d\u00fc\u011fmesine ve \u0130nternet se\u00e7enekleri&#8217;ne dokunun veya t\u0131klay\u0131n.<\/li>\n<li>Gizlilik sekmesine dokunun veya t\u0131klay\u0131n, ard\u0131ndan t\u00fcm tan\u0131mlama bilgilerini engellemek i\u00e7in Ayarlar&#8217;\u0131n alt\u0131nda bulunan kayd\u0131r\u0131c\u0131y\u0131 yukar\u0131ya hareket ettirin ve Tamam d\u00fc\u011fmesine dokunun veya t\u0131klay\u0131n.<\/li>\n<\/ol>\n<p>\u2022\u00a0<strong>Microsoft Edge<\/strong><\/p>\n<ol>\n<li>Microsoft Edge taray\u0131c\u0131n\u0131z\u0131n sa\u011f \u00fcst k\u00f6\u015fesinden \u00fc\u00e7 nokta i\u015fareti olan b\u00f6l\u00fcme t\u0131klay\u0131n ve Ayarlar b\u00f6l\u00fcm\u00fcne gelin.<\/li>\n<li>Kar\u015f\u0131n\u0131za gelen yeni pencereden Temizlenecek \u00d6\u011feleri Se\u00e7 dedikten sonra kar\u015f\u0131n\u0131za gelen pencereden temizlemek istedi\u011finiz b\u00f6l\u00fcmleri se\u00e7in.<\/li>\n<li>Burada bir\u00e7ok b\u00f6l\u00fcm bulunmaktad\u0131r. \u0130stedi\u011finizi se\u00e7erek temizleme i\u015flemine ba\u015flayabilirsiniz<\/li>\n<\/ol>\n<p>\u2022\u00a0<strong>Google ome<\/strong><\/p>\n<ol>\n<li>Bilgisayar\u0131n\u0131zda ome&#8217;u a\u00e7\u0131n.<\/li>\n<li>Sa\u011f \u00fcstte Di\u011fer Ayarlar&#8217;\u0131 t\u0131klay\u0131n.<\/li>\n<li>Altta Geli\u015fmi\u015f&#8217;i t\u0131klay\u0131n.<\/li>\n<li>&#8220;Gizlilik ve g\u00fcvenlik&#8221;in alt\u0131nda \u0130\u00e7erik ayarlar\u0131&#8217;n\u0131 t\u0131klay\u0131n.<\/li>\n<li>\u00c7erezler&#8217;i t\u0131klay\u0131n.<\/li>\n<li>&#8220;T\u00fcm \u00e7erezler ve site verileri&#8221;nin alt\u0131nda Web Sitesi&#8217;nin ad\u0131n\u0131 aray\u0131n.<\/li>\n<li>Sitenin sa\u011f\u0131ndaki Kald\u0131r simgesini t\u0131klay\u0131n<\/li>\n<\/ol>\n<p>\u2022\u00a0<strong>Mozilla Firefox<\/strong><\/p>\n<ol>\n<li>Firefox Men\u00fc d\u00fc\u011fmesine t\u0131klay\u0131n ve Se\u00e7enekler&#8217;i se\u00e7in.<\/li>\n<li>Gizlilik ve G\u00fcvenlik panelini se\u00e7in ve Ge\u00e7mi\u015f b\u00f6l\u00fcm\u00fcne gidin.<\/li>\n<li>Firefox ayar\u0131n\u0131 ge\u00e7mi\u015f i\u00e7in \u00f6zel ayarlar\u0131 kullans\u0131n olarak de\u011fi\u015ftirin.<\/li>\n<li>\u201c\u00c7erezleri g\u00f6ster\u201d d\u00fc\u011fmesine t\u0131klay\u0131n. \u00c7erezler penceresi g\u00f6r\u00fcnecektir.<\/li>\n<li>Arama: alan\u0131na, \u00e7erezlerini silmek istedi\u011finiz sitenin ad\u0131n\u0131 yaz\u0131n. Araman\u0131zla e\u015fle\u015fen \u00e7erezler g\u00f6r\u00fcnt\u00fclenecektir.<\/li>\n<li>Silmek istedi\u011finiz \u00e7erez(ler)i se\u00e7ip Se\u00e7ilenleri sil d\u00fc\u011fmesine t\u0131klay\u0131n.<\/li>\n<li>Kapat d\u00fc\u011fmesine t\u0131klayarak \u00c7erezler penceresini kapat\u0131n. Sonra da about: preferences sayfas\u0131n\u0131 kapat\u0131n<\/li>\n<\/ol>\n<p>\u2022\u00a0<strong>Safari<\/strong><\/p>\n<ol>\n<li>Safari &gt; Tercihler&#8217;i se\u00e7in.<\/li>\n<li>Gizlilik \u00f6\u011fesini t\u0131klay\u0131n.<\/li>\n<li>Web Sitesi Verilerini t\u0131klay\u0131n.<\/li>\n<li>Bir veya daha fazla web sitesi se\u00e7in ve sonra Sil veya T\u00fcm\u00fcn\u00fc Sil&#8217;e t\u0131klay\u0131n.<\/li>\n<\/ol>\n<p>Di\u011fer ana web taray\u0131c\u0131lar\u0131nda bu i\u015flemin nas\u0131l yap\u0131laca\u011f\u0131 hakk\u0131nda daha fazla bilgiyi<\/p>\n<p><a href=\"https:\/\/www.esb.org.tr\/cerez-bellek\" target=\"_blank\" rel=\"noopener\"><u>https:\/\/www.esb.org.tr\/cerez-bellek<\/u><\/a><\/p>\n<p>veya<\/p>\n<p><a href=\"https:\/\/www.aboutcookies.org\/\" target=\"_blank\" rel=\"noopener\"><u>https:\/\/www.aboutcookies.org<\/u><\/a><\/p>\n<p>adresinde bulabilirsiniz.<\/p>\n<p>Ziyaret etti\u011finiz web sitelerinin geride b\u0131rakt\u0131\u011f\u0131 t\u00fcm \u00e7erezleri \u00fc\u00e7\u00fcnc\u00fc parti yaz\u0131l\u0131mlar arac\u0131l\u0131\u011f\u0131yla da silebilirsiniz.<\/p>\n<p><strong>VI. Bizimle \u0130leti\u015fime Ge\u00e7in<\/strong><br \/>\nPolitika ile ilgili t\u00fcm soru ve g\u00f6r\u00fc\u015flerinizi bize iletmek i\u00e7in bizimle a\u015fa\u011f\u0131daki adreste belirtilen ileti\u015fim yollar\u0131ndan birini kullanabilirsiniz:<\/p>\n<p>Web Sitesi:\u00a0<a href=\"http:\/\/www.eragayrimenkul.com\" target=\"_blank\" rel=\"noopener\">www.eragayrimenkul.com<\/a><\/p>","protected":false},"excerpt":{"rendered":"<p>Era Gayrimenkul Franchising Pazarlama ve Dan\u0131\u015fmanl\u0131k Hizmetleri A.\u015e. olarak sahip oldu\u011fumuz\u00a0www.eragayrimenkul.com.tr\u00a0web sitemizin (&#8220;Web Sitesi&#8221;) ziyaret\u00e7ilerinin gizlilik ve ki\u015fisel verilerinin korunmas\u0131 haklar\u0131n\u0131 g\u00f6zeterek ziyaret\u00e7ilerimize daha iyi bir kullan\u0131m deneyimi sa\u011flayabilmek i\u00e7in ki\u015fisel verilerini i\u015flemekte ve internet \u00e7erezleri kullanmaktay\u0131z. Bu \u00c7erez Kullan\u0131m\u0131 Politikas\u0131 (&#8220;Politika&#8221;), t\u00fcm Web Sitesi ziyaret\u00e7ilerimize ve kullan\u0131c\u0131lar\u0131m\u0131za hangi t\u00fcr \u00e7erezlerin hangi ko\u015fullarda kullan\u0131ld\u0131\u011f\u0131n\u0131 a\u00e7\u0131klamaktad\u0131r&#8230;.<\/p>","protected":false},"author":1,"featured_media":0,"parent":0,"menu_order":0,"comment_status":"closed","ping_status":"closed","template":"","meta":{"_monsterinsights_skip_tracking":false,"_monsterinsights_sitenote_active":false,"_monsterinsights_sitenote_note":"","_monsterinsights_sitenote_category":0,"footnotes":""},"class_list":["post-6967","page","type-page","status-publish","hentry","page--item"],"aioseo_notices":[],"_links":{"self":[{"href":"https:\/\/eraunique.com\/en\/wp-json\/wp\/v2\/pages\/6967","targetHints":{"allow":["GET"]}}],"collection":[{"href":"https:\/\/eraunique.com\/en\/wp-json\/wp\/v2\/pages"}],"about":[{"href":"https:\/\/eraunique.com\/en\/wp-json\/wp\/v2\/types\/page"}],"author":[{"embeddable":true,"href":"https:\/\/eraunique.com\/en\/wp-json\/wp\/v2\/users\/1"}],"replies":[{"embeddable":true,"href":"https:\/\/eraunique.com\/en\/wp-json\/wp\/v2\/comments?post=6967"}],"version-history":[{"count":2,"href":"https:\/\/eraunique.com\/en\/wp-json\/wp\/v2\/pages\/6967\/revisions"}],"predecessor-version":[{"id":6969,"href":"https:\/\/eraunique.com\/en\/wp-json\/wp\/v2\/pages\/6967\/revisions\/6969"}],"wp:attachment":[{"href":"https:\/\/eraunique.com\/en\/wp-json\/wp\/v2\/media?parent=6967"}],"curies":[{"name":"wp","href":"https:\/\/api.w.org\/{rel}","templated":true}]}}