{"id":5809,"date":"2025-05-15T09:37:52","date_gmt":"2025-05-15T09:37:52","guid":{"rendered":"https:\/\/eraunique.com\/?page_id=5809"},"modified":"2026-01-13T13:02:42","modified_gmt":"2026-01-13T13:02:42","slug":"sibel-muftuoglu","status":"publish","type":"page","link":"https:\/\/eraunique.com\/en\/sibel-muftuoglu\/","title":{"rendered":"Sibel M\u00fcft\u00fco\u011flu"},"content":{"rendered":"<div data-elementor-type=\"wp-page\" data-elementor-id=\"5809\" class=\"elementor elementor-5809\">\n\t\t\t\t<div class=\"elementor-element elementor-element-34a309c e-con-full e-flex e-con e-parent\" data-id=\"34a309c\" data-element_type=\"container\" data-e-type=\"container\" data-settings=\"{&quot;background_background&quot;:&quot;classic&quot;}\">\n\t\t<div class=\"elementor-element elementor-element-c9b72c9 e-flex e-con-boxed e-con e-child\" data-id=\"c9b72c9\" data-element_type=\"container\" data-e-type=\"container\">\n\t\t\t\t\t<div class=\"e-con-inner\">\n\t\t<div class=\"elementor-element elementor-element-3ad7007 e-con-full e-flex e-con e-child\" data-id=\"3ad7007\" data-element_type=\"container\" data-e-type=\"container\">\n\t\t\t\t<div class=\"elementor-element elementor-element-9abdc0e elementor-widget elementor-widget-realarteaminfo\" data-id=\"9abdc0e\" data-element_type=\"widget\" data-e-type=\"widget\" data-widget_type=\"realarteaminfo.default\">\n\t\t\t\t<div class=\"elementor-widget-container\">\n\t\t\t\t\t<div class=\"th-team team-card style4\"><div class=\"img-wrap\"><div class=\"team-img\"><img decoding=\"async\" src=\"https:\/\/eraunique.com\/wp-content\/uploads\/2025\/05\/foto_QNKS4OX0BW_295X350.jpg\" alt=\"foto_QNKS4OX0BW_295X350\"  \/><\/div><div class=\"th-social-wrap\"><div class=\"th-social\"><a  rel=\"nofollow\" href=\"https:\/\/www.instagram.com\/erauniquesibel?igsh=eHkzcGcwZXI5bGNi\"><i aria-hidden=\"true\" class=\"fab fa-instagram\"><\/i><\/a> <a  rel=\"nofollow\" href=\"https:\/\/www.linkedin.com\/in\/sibel-muftuoglu-3967389\/\"><i aria-hidden=\"true\" class=\"fab fa-linkedin-in\"><\/i><\/a> <a  rel=\"nofollow\" href=\"mailto:sibel.muftuoglu@era.com.tr\"><i aria-hidden=\"true\" class=\"fas fa-mail-bulk\"><\/i><\/a> <\/div><\/div><\/div><div class=\"team-card-content\"><div class=\"media-left\"><h3 class=\"box-title name\">Sibel M\u00fcft\u00fco\u011flu<\/h3><span class=\"team-desig team-about_desig\">Property Consultant<\/span><\/div><a class=\"icon-btn\" href=\"tel:+905336477544\"><img decoding=\"async\" src=\"https:\/\/eraunique.com\/wp-content\/uploads\/2024\/05\/phone.svg\" alt=\"img\"><\/a> <\/div><\/div>\t\t\t\t<\/div>\n\t\t\t\t<\/div>\n\t\t\t\t<\/div>\n\t\t<div class=\"elementor-element elementor-element-e634153 e-con-full about-card e-flex e-con e-child\" data-id=\"e634153\" data-element_type=\"container\" data-e-type=\"container\">\n\t\t\t\t<div class=\"elementor-element elementor-element-11cb3df elementor-widget elementor-widget-text-editor\" data-id=\"11cb3df\" data-element_type=\"widget\" data-e-type=\"widget\" data-widget_type=\"text-editor.default\">\n\t\t\t\t<div class=\"elementor-widget-container\">\n\t\t\t\t\t\t\t\t\t<h3 class=\"h6 m-0 py-2\">The easiest way to buy a house Sibel M\u00fcft\u00fco\u011flu<\/h3>\t\t\t\t\t\t\t\t<\/div>\n\t\t\t\t<\/div>\n\t\t\t\t<div class=\"elementor-element elementor-element-5b91fbc elementor-widget elementor-widget-text-editor\" data-id=\"5b91fbc\" data-element_type=\"widget\" data-e-type=\"widget\" data-widget_type=\"text-editor.default\">\n\t\t\t\t<div class=\"elementor-widget-container\">\n\t\t\t\t\t\t\t\t\t<p data-start=\"113\" data-end=\"413\">1998 y\u0131l\u0131ndan bu yana ticaretle u\u011fra\u015f\u0131yor, kazand\u0131\u011f\u0131m deneyimi emeklili\u011fimin ard\u0131ndan gayrimenkul sekt\u00f6r\u00fcne ta\u015f\u0131yorum. 2024 Kas\u0131m ay\u0131 itibar\u0131yla Era Unique Zekeriyak\u00f6y\u2019de gayrimenkul dan\u0131\u015fmanl\u0131\u011f\u0131na ba\u015flad\u0131m. 2000 y\u0131l\u0131ndan beri Zekeriyak\u00f6y\u2019de ya\u015f\u0131yor, b\u00f6lgenin dinamiklerini derinlemesine biliyorum.<\/p><p data-start=\"415\" data-end=\"608\">Gayrimenkul yat\u0131r\u0131mlar\u0131n\u0131zda en iyi f\u0131rsatlar\u0131 ve kazan\u00e7l\u0131 \u00e7\u00f6z\u00fcmleri sunmak i\u00e7in yan\u0131n\u0131zday\u0131m. \u0130htiya\u00e7lar\u0131n\u0131za \u00f6zel \u00e7\u00f6z\u00fcmlerle, de\u011ferli yat\u0131r\u0131m kararlar\u0131n\u0131z\u0131 en do\u011fru \u015fekilde y\u00f6nlendiriyorum.<\/p>\t\t\t\t\t\t\t\t<\/div>\n\t\t\t\t<\/div>\n\t\t\t\t<div class=\"elementor-element elementor-element-c7b21ea form-custom-style elementor-widget elementor-widget-realarcontactform\" data-id=\"c7b21ea\" data-element_type=\"widget\" data-e-type=\"widget\" data-widget_type=\"realarcontactform.default\">\n\t\t\t\t<div class=\"elementor-widget-container\">\n\t\t\t\t\t\n<div class=\"wpcf7 no-js\" id=\"wpcf7-f1616-o1\" lang=\"en-US\" dir=\"ltr\" data-wpcf7-id=\"1616\">\n<div class=\"screen-reader-response\"><p role=\"status\" aria-live=\"polite\" aria-atomic=\"true\"><\/p> <ul><\/ul><\/div>\n<form action=\"\/en\/wp-json\/wp\/v2\/pages\/5809#wpcf7-f1616-o1\" method=\"post\" class=\"wpcf7-form init\" aria-label=\"Contact form\" novalidate=\"novalidate\" data-status=\"init\" data-trp-original-action=\"\/en\/wp-json\/wp\/v2\/pages\/5809#wpcf7-f1616-o1\">\n<fieldset class=\"hidden-fields-container\"><input type=\"hidden\" name=\"_wpcf7\" value=\"1616\" \/><input type=\"hidden\" name=\"_wpcf7_version\" value=\"6.1.5\" \/><input type=\"hidden\" name=\"_wpcf7_locale\" value=\"en_US\" \/><input type=\"hidden\" name=\"_wpcf7_unit_tag\" value=\"wpcf7-f1616-o1\" \/><input type=\"hidden\" name=\"_wpcf7_container_post\" value=\"0\" \/><input type=\"hidden\" name=\"_wpcf7_posted_data_hash\" value=\"\" \/>\n<\/fieldset>\n<div class=\"appointment-form\">\n    <div class=\"row\">\n        <div class=\"form-group style-border style-radius col-md-6\">\n            <span class=\"wpcf7-form-control-wrap\" data-name=\"text-999\"><input size=\"40\" maxlength=\"400\" class=\"wpcf7-form-control wpcf7-text wpcf7-validates-as-required form-control\" id=\"text-999\" aria-required=\"true\" aria-invalid=\"false\" placeholder=\"Your Name*\" value=\"\" type=\"text\" name=\"text-999\" \/><\/span><i class=\"fal fa-user\"><\/i>\n        <\/div>\n        <div class=\"form-group style-border style-radius col-md-6\">\n            <span class=\"wpcf7-form-control-wrap\" data-name=\"email-717\"><input size=\"40\" maxlength=\"400\" class=\"wpcf7-form-control wpcf7-email wpcf7-validates-as-required wpcf7-text wpcf7-validates-as-email form-control\" id=\"email-717\" aria-required=\"true\" aria-invalid=\"false\" placeholder=\"Email*\" value=\"\" type=\"email\" name=\"email-717\" \/><\/span><i class=\"fal fa-envelope\"><\/i>\n        <\/div>\n        <div class=\"form-group style-border style-radius col-md-12\">\n            <span class=\"wpcf7-form-control-wrap\" data-name=\"menu-837\"><select class=\"wpcf7-form-control wpcf7-select wpcf7-validates-as-required form-select\" id=\"menu-837\" aria-required=\"true\" aria-invalid=\"false\" name=\"menu-837\"><option value=\"Gayrimenkul\">Real Estate<\/option><option value=\"Daire\">Apartment<\/option><option value=\"Konut\">Konut<\/option><option value=\"Deluxe\">Deluxe<\/option><\/select><\/span><i class=\"fal fa-angle-down\"><\/i>\n        <\/div>\n        <div class=\"col-12 form-group style-border style-radius\">\n            <i class=\"far fa-comments\"><\/i>\n            <span class=\"wpcf7-form-control-wrap\" data-name=\"textarea-873\"><textarea cols=\"40\" rows=\"10\" maxlength=\"2000\" class=\"wpcf7-form-control wpcf7-textarea form-control\" id=\"textarea-873\" aria-invalid=\"false\" placeholder=\"Write Your Message\" name=\"textarea-873\"><\/textarea><\/span><\/div>\n        <div class=\"col-12 form-btn mt-4\">\n            <button class=\"th-btn style-border2 th-custom-icon\">Send Message <span class=\"btn-icon\"><img decoding=\"async\" src=\"https:\/\/eraunique.com\/wp-content\/uploads\/2024\/05\/paper-plane.svg\" alt=\"img\"><\/span><\/button>\n        <\/div>\n    <\/div>\n    <p class=\"form-messages mb-0 mt-3\"><\/p>\n<\/div><div class=\"wpcf7-response-output\" aria-hidden=\"true\"><\/div>\n<input type=\"hidden\" name=\"trp-form-language\" value=\"en\"\/><\/form>\n<\/div>\n\t\t\t\t<\/div>\n\t\t\t\t<\/div>\n\t\t\t\t<\/div>\n\t\t\t\t\t<\/div>\n\t\t\t\t<\/div>\n\t\t\t\t<\/div>\n\t\t\t\t<\/div>","protected":false},"excerpt":{"rendered":"<p>Sibel M\u00fcft\u00fco\u011flu Gayrimenkul Dan\u0131\u015fman\u0131 Ev alman\u0131n en kolay yolu Sibel M\u00fcft\u00fco\u011flu 1998 y\u0131l\u0131ndan bu yana ticaretle u\u011fra\u015f\u0131yor, kazand\u0131\u011f\u0131m deneyimi emeklili\u011fimin ard\u0131ndan gayrimenkul sekt\u00f6r\u00fcne ta\u015f\u0131yorum. 2024 Kas\u0131m ay\u0131 itibar\u0131yla Era Unique Zekeriyak\u00f6y\u2019de gayrimenkul dan\u0131\u015fmanl\u0131\u011f\u0131na ba\u015flad\u0131m. 2000 y\u0131l\u0131ndan beri Zekeriyak\u00f6y\u2019de ya\u015f\u0131yor, b\u00f6lgenin dinamiklerini derinlemesine biliyorum. Gayrimenkul yat\u0131r\u0131mlar\u0131n\u0131zda en iyi f\u0131rsatlar\u0131 ve kazan\u00e7l\u0131 \u00e7\u00f6z\u00fcmleri sunmak i\u00e7in yan\u0131n\u0131zday\u0131m. \u0130htiya\u00e7lar\u0131n\u0131za&#8230;<\/p>","protected":false},"author":1,"featured_media":0,"parent":0,"menu_order":0,"comment_status":"closed","ping_status":"closed","template":"template-builder.php","meta":{"_monsterinsights_skip_tracking":false,"_monsterinsights_sitenote_active":false,"_monsterinsights_sitenote_note":"","_monsterinsights_sitenote_category":0,"footnotes":""},"class_list":["post-5809","page","type-page","status-publish","hentry"],"aioseo_notices":[],"_links":{"self":[{"href":"https:\/\/eraunique.com\/en\/wp-json\/wp\/v2\/pages\/5809","targetHints":{"allow":["GET"]}}],"collection":[{"href":"https:\/\/eraunique.com\/en\/wp-json\/wp\/v2\/pages"}],"about":[{"href":"https:\/\/eraunique.com\/en\/wp-json\/wp\/v2\/types\/page"}],"author":[{"embeddable":true,"href":"https:\/\/eraunique.com\/en\/wp-json\/wp\/v2\/users\/1"}],"replies":[{"embeddable":true,"href":"https:\/\/eraunique.com\/en\/wp-json\/wp\/v2\/comments?post=5809"}],"version-history":[{"count":17,"href":"https:\/\/eraunique.com\/en\/wp-json\/wp\/v2\/pages\/5809\/revisions"}],"predecessor-version":[{"id":7513,"href":"https:\/\/eraunique.com\/en\/wp-json\/wp\/v2\/pages\/5809\/revisions\/7513"}],"wp:attachment":[{"href":"https:\/\/eraunique.com\/en\/wp-json\/wp\/v2\/media?parent=5809"}],"curies":[{"name":"wp","href":"https:\/\/api.w.org\/{rel}","templated":true}]}}