{"id":5793,"date":"2025-05-15T09:08:04","date_gmt":"2025-05-15T09:08:04","guid":{"rendered":"https:\/\/eraunique.com\/?page_id=5793"},"modified":"2026-01-13T13:02:13","modified_gmt":"2026-01-13T13:02:13","slug":"cem-sarp","status":"publish","type":"page","link":"https:\/\/eraunique.com\/en\/cem-sarp\/","title":{"rendered":"Cem Sarp"},"content":{"rendered":"<div data-elementor-type=\"wp-page\" data-elementor-id=\"5793\" class=\"elementor elementor-5793\">\n\t\t\t\t<div class=\"elementor-element elementor-element-34a309c e-con-full e-flex e-con e-parent\" data-id=\"34a309c\" data-element_type=\"container\" data-e-type=\"container\" data-settings=\"{&quot;background_background&quot;:&quot;classic&quot;}\">\n\t\t<div class=\"elementor-element elementor-element-c9b72c9 e-flex e-con-boxed e-con e-child\" data-id=\"c9b72c9\" data-element_type=\"container\" data-e-type=\"container\">\n\t\t\t\t\t<div class=\"e-con-inner\">\n\t\t<div class=\"elementor-element elementor-element-3ad7007 e-con-full e-flex e-con e-child\" data-id=\"3ad7007\" data-element_type=\"container\" data-e-type=\"container\">\n\t\t\t\t<div class=\"elementor-element elementor-element-9abdc0e elementor-widget elementor-widget-realarteaminfo\" data-id=\"9abdc0e\" data-element_type=\"widget\" data-e-type=\"widget\" data-widget_type=\"realarteaminfo.default\">\n\t\t\t\t<div class=\"elementor-widget-container\">\n\t\t\t\t\t<div class=\"th-team team-card style4\"><div class=\"img-wrap\"><div class=\"team-img\"><img decoding=\"async\" src=\"https:\/\/eraunique.com\/wp-content\/uploads\/2025\/05\/484846-014_5730B4ECTA_295X350.jpg\" alt=\"484846 014_5730B4ECTA_295X350\"  \/><\/div><div class=\"th-social-wrap\"><div class=\"th-social\"><a  rel=\"nofollow\" href=\"https:\/\/www.facebook.com\/era.cemsarp\"><i aria-hidden=\"true\" class=\"fab fa-facebook-f\"><\/i><\/a> <a  rel=\"nofollow\" href=\"https:\/\/twitter.com\/eracemsarp\"><i aria-hidden=\"true\" class=\"fab fa-twitter\"><\/i><\/a> <a  rel=\"nofollow\" href=\"https:\/\/www.instagram.com\/era.cemsarp\/\"><i aria-hidden=\"true\" class=\"fab fa-instagram\"><\/i><\/a> <a  rel=\"nofollow\" href=\"https:\/\/www.linkedin.com\/in\/eracemsarp\"><i aria-hidden=\"true\" class=\"fab fa-linkedin-in\"><\/i><\/a> <a  rel=\"nofollow\" href=\"https:\/\/youtube.com\/@eracemsarp\"><i aria-hidden=\"true\" class=\"fab fa-youtube\"><\/i><\/a> <a  rel=\"nofollow\" href=\"mailto:cem.sarp@era.com.tr\"><i aria-hidden=\"true\" class=\"fas fa-mail-bulk\"><\/i><\/a> <\/div><\/div><\/div><div class=\"team-card-content\"><div class=\"media-left\"><h3 class=\"box-title name\">Cem Sarp<\/h3><span class=\"team-desig team-about_desig\">Property Consultant<\/span><\/div><a class=\"icon-btn\" href=\"tel:+905336826137\"><img decoding=\"async\" src=\"https:\/\/eraunique.com\/wp-content\/uploads\/2024\/05\/phone.svg\" alt=\"img\"><\/a> <\/div><\/div>\t\t\t\t<\/div>\n\t\t\t\t<\/div>\n\t\t\t\t<\/div>\n\t\t<div class=\"elementor-element elementor-element-e634153 e-con-full about-card e-flex e-con e-child\" data-id=\"e634153\" data-element_type=\"container\" data-e-type=\"container\">\n\t\t\t\t<div class=\"elementor-element elementor-element-11cb3df elementor-widget elementor-widget-text-editor\" data-id=\"11cb3df\" data-element_type=\"widget\" data-e-type=\"widget\" data-widget_type=\"text-editor.default\">\n\t\t\t\t<div class=\"elementor-widget-container\">\n\t\t\t\t\t\t\t\t\t<h3 class=\"h6 m-0 py-2\">Success in real estate starts with the right strategy.<\/h3>\t\t\t\t\t\t\t\t<\/div>\n\t\t\t\t<\/div>\n\t\t\t\t<div class=\"elementor-element elementor-element-5b91fbc elementor-widget elementor-widget-text-editor\" data-id=\"5b91fbc\" data-element_type=\"widget\" data-e-type=\"widget\" data-widget_type=\"text-editor.default\">\n\t\t\t\t<div class=\"elementor-widget-container\">\n\t\t\t\t\t\t\t\t\t<p>With nearly forty years of professional experience, I offer more than just properties - I provide confidence, speed and results.<\/p><p>I was born in Ankara in 1963. I completed my secondary education at TED Ankara College and graduated from Bo\u011fazi\u00e7i University, Department of Electronics Engineering Technology in 1984. Following my graduation, I spent nearly 30 years of my professional life in senior sales and marketing roles in global companies in the information systems and consumer electronics industries.<\/p><p>Throughout my corporate career, I have gained invaluable experience in strategic thinking, discipline and communication, which I have brought to the world of real estate.<\/p><p>I started my real estate career with COLDWELL BANKER Meta Real Estate.<\/p><p>As of 1 June 2023, I have been working as a real estate consultant under the roof of ERA Unique Gayrimenkul Zekeriyak\u00f6y, one of the most respected and well-established companies in the region.<\/p><p>Today, I am in this sector not only to \"buy or sell property\" but also to manage every process with a planned, analytical and result-oriented approach.<\/p><p>My mission:<\/p><p>\u2714\ufe0f Sell or rent your property as soon as possible<\/p><p>\u2714\ufe0f At the correct market value<\/p><p>\u2714\ufe0f With a professional, sincere and transparent approach<\/p><p>If you are looking for a reliable partner to guide you through the buying, selling or leasing process, I am here to support you with a personalised and strategic service.<\/p><p>Let's connect - and turn the right strategy into real success.<\/p>\t\t\t\t\t\t\t\t<\/div>\n\t\t\t\t<\/div>\n\t\t\t\t<div class=\"elementor-element elementor-element-c7b21ea form-custom-style elementor-widget elementor-widget-realarcontactform\" data-id=\"c7b21ea\" data-element_type=\"widget\" data-e-type=\"widget\" data-widget_type=\"realarcontactform.default\">\n\t\t\t\t<div class=\"elementor-widget-container\">\n\t\t\t\t\t\n<div class=\"wpcf7 no-js\" id=\"wpcf7-f1616-o1\" lang=\"en-US\" dir=\"ltr\" data-wpcf7-id=\"1616\">\n<div class=\"screen-reader-response\"><p role=\"status\" aria-live=\"polite\" aria-atomic=\"true\"><\/p> <ul><\/ul><\/div>\n<form action=\"\/en\/wp-json\/wp\/v2\/pages\/5793#wpcf7-f1616-o1\" method=\"post\" class=\"wpcf7-form init\" aria-label=\"Contact form\" novalidate=\"novalidate\" data-status=\"init\" data-trp-original-action=\"\/en\/wp-json\/wp\/v2\/pages\/5793#wpcf7-f1616-o1\">\n<fieldset class=\"hidden-fields-container\"><input type=\"hidden\" name=\"_wpcf7\" value=\"1616\" \/><input type=\"hidden\" name=\"_wpcf7_version\" value=\"6.1.5\" \/><input type=\"hidden\" name=\"_wpcf7_locale\" value=\"en_US\" \/><input type=\"hidden\" name=\"_wpcf7_unit_tag\" value=\"wpcf7-f1616-o1\" \/><input type=\"hidden\" name=\"_wpcf7_container_post\" value=\"0\" \/><input type=\"hidden\" name=\"_wpcf7_posted_data_hash\" value=\"\" \/>\n<\/fieldset>\n<div class=\"appointment-form\">\n    <div class=\"row\">\n        <div class=\"form-group style-border style-radius col-md-6\">\n            <span class=\"wpcf7-form-control-wrap\" data-name=\"text-999\"><input size=\"40\" maxlength=\"400\" class=\"wpcf7-form-control wpcf7-text wpcf7-validates-as-required form-control\" id=\"text-999\" aria-required=\"true\" aria-invalid=\"false\" placeholder=\"Your Name*\" value=\"\" type=\"text\" name=\"text-999\" \/><\/span><i class=\"fal fa-user\"><\/i>\n        <\/div>\n        <div class=\"form-group style-border style-radius col-md-6\">\n            <span class=\"wpcf7-form-control-wrap\" data-name=\"email-717\"><input size=\"40\" maxlength=\"400\" class=\"wpcf7-form-control wpcf7-email wpcf7-validates-as-required wpcf7-text wpcf7-validates-as-email form-control\" id=\"email-717\" aria-required=\"true\" aria-invalid=\"false\" placeholder=\"Email*\" value=\"\" type=\"email\" name=\"email-717\" \/><\/span><i class=\"fal fa-envelope\"><\/i>\n        <\/div>\n        <div class=\"form-group style-border style-radius col-md-12\">\n            <span class=\"wpcf7-form-control-wrap\" data-name=\"menu-837\"><select class=\"wpcf7-form-control wpcf7-select wpcf7-validates-as-required form-select\" id=\"menu-837\" aria-required=\"true\" aria-invalid=\"false\" name=\"menu-837\"><option value=\"Gayrimenkul\">Real Estate<\/option><option value=\"Daire\">Apartment<\/option><option value=\"Konut\">Konut<\/option><option value=\"Deluxe\">Deluxe<\/option><\/select><\/span><i class=\"fal fa-angle-down\"><\/i>\n        <\/div>\n        <div class=\"col-12 form-group style-border style-radius\">\n            <i class=\"far fa-comments\"><\/i>\n            <span class=\"wpcf7-form-control-wrap\" data-name=\"textarea-873\"><textarea cols=\"40\" rows=\"10\" maxlength=\"2000\" class=\"wpcf7-form-control wpcf7-textarea form-control\" id=\"textarea-873\" aria-invalid=\"false\" placeholder=\"Write Your Message\" name=\"textarea-873\"><\/textarea><\/span><\/div>\n        <div class=\"col-12 form-btn mt-4\">\n            <button class=\"th-btn style-border2 th-custom-icon\">Send Message <span class=\"btn-icon\"><img decoding=\"async\" src=\"https:\/\/eraunique.com\/wp-content\/uploads\/2024\/05\/paper-plane.svg\" alt=\"img\"><\/span><\/button>\n        <\/div>\n    <\/div>\n    <p class=\"form-messages mb-0 mt-3\"><\/p>\n<\/div><div class=\"wpcf7-response-output\" aria-hidden=\"true\"><\/div>\n<input type=\"hidden\" name=\"trp-form-language\" value=\"en\"\/><\/form>\n<\/div>\n\t\t\t\t<\/div>\n\t\t\t\t<\/div>\n\t\t\t\t<\/div>\n\t\t\t\t\t<\/div>\n\t\t\t\t<\/div>\n\t\t\t\t<\/div>\n\t\t\t\t<\/div>","protected":false},"excerpt":{"rendered":"<p>Cem Sarp Gayrimenkul Dan\u0131\u015fman\u0131 Gayrimenkulde ba\u015far\u0131, do\u011fru stratejiyle ba\u015flar. Yakla\u015f\u0131k k\u0131rk y\u0131ll\u0131k profesyonel deneyimimle, m\u00fclklerden daha fazlas\u0131n\u0131 sunuyorum &#8211; g\u00fcven, h\u0131z ve sonu\u00e7 sa\u011fl\u0131yorum. 1963&#8217;te Ankara&#8217;da do\u011fdum. Orta \u00f6\u011frenimimi TED Ankara Koleji&#8217;nde tamamlad\u0131m ve 1984 y\u0131l\u0131nda Bo\u011fazi\u00e7i \u00dcniversitesi Elektronik M\u00fchendisli\u011fi Teknolojisi b\u00f6l\u00fcm\u00fcnden mezun oldum. Mezuniyetimin ard\u0131ndan ba\u015flad\u0131\u011f\u0131m profesyonel hayat\u0131m\u0131n yakla\u015f\u0131k 30 y\u0131l\u0131n\u0131 bilgi sistemleri ve&#8230;<\/p>","protected":false},"author":1,"featured_media":0,"parent":0,"menu_order":0,"comment_status":"closed","ping_status":"closed","template":"template-builder.php","meta":{"_monsterinsights_skip_tracking":false,"_monsterinsights_sitenote_active":false,"_monsterinsights_sitenote_note":"","_monsterinsights_sitenote_category":0,"footnotes":""},"class_list":["post-5793","page","type-page","status-publish","hentry"],"aioseo_notices":[],"_links":{"self":[{"href":"https:\/\/eraunique.com\/en\/wp-json\/wp\/v2\/pages\/5793","targetHints":{"allow":["GET"]}}],"collection":[{"href":"https:\/\/eraunique.com\/en\/wp-json\/wp\/v2\/pages"}],"about":[{"href":"https:\/\/eraunique.com\/en\/wp-json\/wp\/v2\/types\/page"}],"author":[{"embeddable":true,"href":"https:\/\/eraunique.com\/en\/wp-json\/wp\/v2\/users\/1"}],"replies":[{"embeddable":true,"href":"https:\/\/eraunique.com\/en\/wp-json\/wp\/v2\/comments?post=5793"}],"version-history":[{"count":11,"href":"https:\/\/eraunique.com\/en\/wp-json\/wp\/v2\/pages\/5793\/revisions"}],"predecessor-version":[{"id":7508,"href":"https:\/\/eraunique.com\/en\/wp-json\/wp\/v2\/pages\/5793\/revisions\/7508"}],"wp:attachment":[{"href":"https:\/\/eraunique.com\/en\/wp-json\/wp\/v2\/media?parent=5793"}],"curies":[{"name":"wp","href":"https:\/\/api.w.org\/{rel}","templated":true}]}}