{"id":1489,"date":"2024-05-27T11:32:42","date_gmt":"2024-05-27T11:32:42","guid":{"rendered":"https:\/\/wordpress.themeholy.com\/realar\/?page_id=1489"},"modified":"2026-01-21T20:25:37","modified_gmt":"2026-01-21T20:25:37","slug":"team","status":"publish","type":"page","link":"https:\/\/eraunique.com\/en\/team\/","title":{"rendered":"Team"},"content":{"rendered":"<div data-elementor-type=\"wp-page\" data-elementor-id=\"1489\" class=\"elementor elementor-1489\">\n\t\t\t\t<div class=\"elementor-element elementor-element-a8ecba1 e-flex e-con-boxed e-con e-parent\" data-id=\"a8ecba1\" data-element_type=\"container\" data-e-type=\"container\" data-settings=\"{&quot;background_background&quot;:&quot;classic&quot;}\">\n\t\t\t\t\t<div class=\"e-con-inner\">\n\t\t\t\t<div class=\"elementor-element elementor-element-e6b5142 elementor-widget elementor-widget-realarteam\" data-id=\"e6b5142\" data-element_type=\"widget\" data-e-type=\"widget\" data-widget_type=\"realarteam.default\">\n\t\t\t\t<div class=\"elementor-widget-container\">\n\t\t\t\t\t<div class=\"slider-area team-slider2\"><div class=\"row gy-30\"><!-- Single Item --><div class=\"col-lg-4 col-md-6\"><div class=\"th-team team-card style2\"><div class=\"img-wrap\"><div class=\"team-img\"><img decoding=\"async\" src=\"https:\/\/eraunique.com\/wp-content\/uploads\/2025\/05\/MG-0109-copy_44UT1OCFSU_295X350.jpg\" alt=\"MG 0109 copy_44UT1OCFSU_295X350\"  \/><\/div><div class=\"th-social-wrap\"><div class=\"th-social\"><a  href=\"https:\/\/it-it.facebook.com\/ugur.karayetis\"><i class=\"fab fa-facebook\"><\/i><\/a><a  href=\"https:\/\/www.linkedin.com\/in\/ugur-karayetis-32a14421\/\"><i class=\"fab fa-linkedin\"><\/i><\/a><a  href=\"https:\/\/www.instagram.com\/erauniquegayrimenkul\/\"><i class=\"fab fa-instagram\"><\/i><\/a><\/div><a class=\"icon-btn\" href=\"https:\/\/eraunique.com\/en\/team-details\/\"><img decoding=\"async\" src=\"https:\/\/eraunique.com\/wp-content\/plugins\/realar-core\/assets\/img\/arrow-right.svg\" alt=\"img\"><\/a><\/div><\/div><div class=\"team-card-content\"><div class=\"media-left\"><h3 class=\"box-title title\"><a href=\"https:\/\/eraunique.com\/en\/team-details\/\">U\u011fur Karayeti\u015f<\/a><\/h3><span class=\"team-desig desig\">Broker Owner \/ 05323575254<\/span><\/div><a class=\"icon-btn\" href=\"tel:+905323575254\"><img decoding=\"async\" src=\"https:\/\/eraunique.com\/wp-content\/uploads\/2024\/05\/phone-1.svg\" alt=\"img\"><\/a><\/div><\/div><\/div><!-- Single Item --><div class=\"col-lg-4 col-md-6\"><div class=\"th-team team-card style2\"><div class=\"img-wrap\"><div class=\"team-img\"><img decoding=\"async\" src=\"https:\/\/eraunique.com\/wp-content\/uploads\/2025\/05\/DSC02440-Enhanced-NR-copy_YWLCIX.jpg\" alt=\"DSC02440 Enhanced NR copy_YWLCIX\"  \/><\/div><div class=\"th-social-wrap\"><div class=\"th-social\"><a  href=\"https:\/\/www.linkedin.com\/in\/attila-karayeti%C5%9F-3814b1150?utm_source=share&#038;utm_campaign=share_via&#038;utm_content=profile&#038;utm_medium=ios_app\"><i class=\"fab fa-linkedin\"><\/i><\/a><a  href=\"https:\/\/www.instagram.com\/era.attilakarayetis?igsh=dDhuZXM4OHU1NzM%3D&#038;utm_source=qr\"><i class=\"fab fa-instagram\"><\/i><\/a><\/div><a class=\"icon-btn\" href=\"https:\/\/eraunique.com\/en\/atilla-karayetis\/\"><img decoding=\"async\" src=\"https:\/\/eraunique.com\/wp-content\/plugins\/realar-core\/assets\/img\/arrow-right.svg\" alt=\"img\"><\/a><\/div><\/div><div class=\"team-card-content\"><div class=\"media-left\"><h3 class=\"box-title title\"><a href=\"https:\/\/eraunique.com\/en\/atilla-karayetis\/\">Atilla Karayeti\u015f<\/a><\/h3><span class=\"team-desig desig\">Property Consultant \/ 05318323868<\/span><\/div><a class=\"icon-btn\" href=\"tel:+905318323868\"><img decoding=\"async\" src=\"https:\/\/eraunique.com\/wp-content\/uploads\/2024\/05\/phone-1.svg\" alt=\"img\"><\/a><\/div><\/div><\/div><!-- Single Item --><div class=\"col-lg-4 col-md-6\"><div class=\"th-team team-card style2\"><div class=\"img-wrap\"><div class=\"team-img\"><img decoding=\"async\" src=\"https:\/\/eraunique.com\/wp-content\/uploads\/2025\/05\/484846-014_5730B4ECTA_295X350.jpg\" alt=\"484846 014_5730B4ECTA_295X350\"  \/><\/div><div class=\"th-social-wrap\"><div class=\"th-social\"><a  href=\"https:\/\/www.facebook.com\/era.cemsarp\"><i class=\"fab fa-facebook\"><\/i><\/a><a  href=\"https:\/\/twitter.com\/eracemsarp\"><i class=\"fab fa-twitter\"><\/i><\/a><a  href=\"https:\/\/www.linkedin.com\/in\/eracemsarp\"><i class=\"fab fa-linkedin\"><\/i><\/a><a  href=\"https:\/\/www.instagram.com\/era.cemsarp\/\"><i class=\"fab fa-instagram\"><\/i><\/a><a  href=\"https:\/\/youtube.com\/@eracemsarp\"><i class=\"fab fa-youtube\"><\/i><\/a><\/div><a class=\"icon-btn\" href=\"https:\/\/eraunique.com\/en\/cem-sarp\/\"><img decoding=\"async\" src=\"https:\/\/eraunique.com\/wp-content\/plugins\/realar-core\/assets\/img\/arrow-right.svg\" alt=\"img\"><\/a><\/div><\/div><div class=\"team-card-content\"><div class=\"media-left\"><h3 class=\"box-title title\"><a href=\"https:\/\/eraunique.com\/en\/cem-sarp\/\">Cem Sarp<\/a><\/h3><span class=\"team-desig desig\">Property Consultant \/ 05336826137<\/span><\/div><a class=\"icon-btn\" href=\"tel:+905336826137\"><img decoding=\"async\" src=\"https:\/\/eraunique.com\/wp-content\/uploads\/2024\/05\/phone-1.svg\" alt=\"img\"><\/a><\/div><\/div><\/div><!-- Single Item --><div class=\"col-lg-4 col-md-6\"><div class=\"th-team team-card style2\"><div class=\"img-wrap\"><div class=\"team-img\"><img decoding=\"async\" src=\"https:\/\/eraunique.com\/wp-content\/uploads\/2025\/05\/foto_QNKS4OX0BW_295X350.jpg\" alt=\"foto_QNKS4OX0BW_295X350\"  \/><\/div><div class=\"th-social-wrap\"><div class=\"th-social\"><a  href=\"https:\/\/www.linkedin.com\/in\/sibel-muftuoglu-3967389\/\"><i class=\"fab fa-linkedin\"><\/i><\/a><a  href=\"https:\/\/www.instagram.com\/erauniquesibel?igsh=eHkzcGcwZXI5bGNi\"><i class=\"fab fa-instagram\"><\/i><\/a><\/div><a class=\"icon-btn\" href=\"https:\/\/eraunique.com\/en\/sibel-muftuoglu\/\"><img decoding=\"async\" src=\"https:\/\/eraunique.com\/wp-content\/plugins\/realar-core\/assets\/img\/arrow-right.svg\" alt=\"img\"><\/a><\/div><\/div><div class=\"team-card-content\"><div class=\"media-left\"><h3 class=\"box-title title\"><a href=\"https:\/\/eraunique.com\/en\/sibel-muftuoglu\/\">Sibel M\u00fcft\u00fco\u011flu<\/a><\/h3><span class=\"team-desig desig\">Property Consultant \/ 05336477544<\/span><\/div><a class=\"icon-btn\" href=\"tel:+905336477544\"><img decoding=\"async\" src=\"https:\/\/eraunique.com\/wp-content\/uploads\/2024\/05\/phone-1.svg\" alt=\"img\"><\/a><\/div><\/div><\/div><!-- Single Item --><div class=\"col-lg-4 col-md-6\"><div class=\"th-team team-card style2\"><div class=\"img-wrap\"><div class=\"team-img\"><img decoding=\"async\" src=\"https:\/\/eraunique.com\/wp-content\/uploads\/2025\/05\/WhatsApp-Image-2023-09-08-at-11.jpg\" alt=\"WhatsApp Image 2023 09 08 at 11\"  \/><\/div><div class=\"th-social-wrap\"><div class=\"th-social\"><a  href=\"https:\/\/www.instagram.com\/suatkilic.era?igsh=MTFsY2JxMHFxOHNzcg==%20%20%20\"><i class=\"fab fa-instagram\"><\/i><\/a><\/div><a class=\"icon-btn\" href=\"https:\/\/eraunique.com\/en\/suat-kilic\/\"><img decoding=\"async\" src=\"https:\/\/eraunique.com\/wp-content\/plugins\/realar-core\/assets\/img\/arrow-right.svg\" alt=\"img\"><\/a><\/div><\/div><div class=\"team-card-content\"><div class=\"media-left\"><h3 class=\"box-title title\"><a href=\"https:\/\/eraunique.com\/en\/suat-kilic\/\">Suat K\u0131l\u0131\u00e7<\/a><\/h3><span class=\"team-desig desig\">Property Consultant \/ 05425087828<\/span><\/div><a class=\"icon-btn\" href=\"tel:+905425087828\"><img decoding=\"async\" src=\"https:\/\/eraunique.com\/wp-content\/uploads\/2024\/05\/phone-1.svg\" alt=\"img\"><\/a><\/div><\/div><\/div><!-- Single Item --><div class=\"col-lg-4 col-md-6\"><div class=\"th-team team-card style2\"><div class=\"img-wrap\"><div class=\"team-img\"><img decoding=\"async\" src=\"https:\/\/eraunique.com\/wp-content\/uploads\/2025\/05\/ugur-erdemir-2_D87T1BEZ5H_295X35.jpg\" alt=\"ugur erdemir 2_D87T1BEZ5H_295X35\"  \/><\/div><div class=\"th-social-wrap\"><div class=\"th-social\"><a  href=\"https:\/\/www.instagram.com\/era.ugurerdemir?igsh=MTFhZW84b3h4djh0dg%3D%3D&#038;utm_source=qr\"><i class=\"fab fa-instagram\"><\/i><\/a><a  href=\"https:\/\/youtube.com\/@ugurerdemirera?si=nwQmJ0bm-lVunx7K\"><i class=\"fab fa-youtube\"><\/i><\/a><\/div><a class=\"icon-btn\" href=\"https:\/\/eraunique.com\/en\/ugur-erdemir\/\"><img decoding=\"async\" src=\"https:\/\/eraunique.com\/wp-content\/plugins\/realar-core\/assets\/img\/arrow-right.svg\" alt=\"img\"><\/a><\/div><\/div><div class=\"team-card-content\"><div class=\"media-left\"><h3 class=\"box-title title\"><a href=\"https:\/\/eraunique.com\/en\/ugur-erdemir\/\">U\u011fur Erdemir<\/a><\/h3><span class=\"team-desig desig\">Property Consultant \/ 05378749523<\/span><\/div><a class=\"icon-btn\" href=\"tel:+905378749523\"><img decoding=\"async\" src=\"https:\/\/eraunique.com\/wp-content\/uploads\/2024\/05\/phone-1.svg\" alt=\"img\"><\/a><\/div><\/div><\/div><!-- Single Item --><div class=\"col-lg-4 col-md-6\"><div class=\"th-team team-card style2\"><div class=\"img-wrap\"><div class=\"team-img\"><img decoding=\"async\" src=\"https:\/\/eraunique.com\/wp-content\/uploads\/2026\/01\/Screenshot_1.jpg\" alt=\"Screenshot_1\"  \/><\/div><div class=\"th-social-wrap\"><div class=\"th-social\"><a  href=\"https:\/\/facebook.com\"><i class=\"fab fa-facebook\"><\/i><\/a><a  href=\"https:\/\/twitter.com\"><i class=\"fab fa-twitter\"><\/i><\/a><a  href=\"https:\/\/linkedin.com\"><i class=\"fab fa-linkedin\"><\/i><\/a><a  href=\"#\"><i class=\"fab fa-instagram\"><\/i><\/a><a  href=\"#\"><i class=\"fab fa-youtube\"><\/i><\/a><\/div><a class=\"icon-btn\" href=\"https:\/\/eraunique.com\/en\/erhan-tuncay\/\"><img decoding=\"async\" src=\"https:\/\/eraunique.com\/wp-content\/plugins\/realar-core\/assets\/img\/arrow-right.svg\" alt=\"img\"><\/a><\/div><\/div><div class=\"team-card-content\"><div class=\"media-left\"><h3 class=\"box-title title\"><a href=\"https:\/\/eraunique.com\/en\/erhan-tuncay\/\">Erhan Tun\u00e7ay<\/a><\/h3><span class=\"team-desig desig\">Gayrimenkul Dan\u0131\u015fman\u0131 \/ 05322736586<\/span><\/div><a class=\"icon-btn\" href=\"tel:+90 532 273 65 86\"><img decoding=\"async\" src=\"https:\/\/eraunique.com\/wp-content\/uploads\/2024\/05\/phone-1.svg\" alt=\"img\"><\/a><\/div><\/div><\/div><!-- Single Item --><div class=\"col-lg-4 col-md-6\"><div class=\"th-team team-card style2\"><div class=\"img-wrap\"><div class=\"team-img\"><img decoding=\"async\" src=\"https:\/\/eraunique.com\/wp-content\/uploads\/2026\/01\/WhatsApp-Image-2026-01-21-at-14.14.54-e1769027096687.jpeg\" alt=\"WhatsApp Image 2026 01 21 at 14.14.54 e1769027096687\"  \/><\/div><div class=\"th-social-wrap\"><div class=\"th-social\"><a  href=\"https:\/\/facebook.com\"><i class=\"fab fa-facebook\"><\/i><\/a><a  href=\"https:\/\/twitter.com\"><i class=\"fab fa-twitter\"><\/i><\/a><a  href=\"https:\/\/linkedin.com\"><i class=\"fab fa-linkedin\"><\/i><\/a><a  href=\"#\"><i class=\"fab fa-instagram\"><\/i><\/a><a  href=\"#\"><i class=\"fab fa-youtube\"><\/i><\/a><\/div><a class=\"icon-btn\" href=\"https:\/\/eraunique.com\/en\/ayten-k-yldz\/\"><img decoding=\"async\" src=\"https:\/\/eraunique.com\/wp-content\/plugins\/realar-core\/assets\/img\/arrow-right.svg\" alt=\"img\"><\/a><\/div><\/div><div class=\"team-card-content\"><div class=\"media-left\"><h3 class=\"box-title title\"><a href=\"https:\/\/eraunique.com\/en\/ayten-k-yldz\/\">Ayten K\u0131z\u0131lcan Y\u0131ld\u0131z<\/a><\/h3><span class=\"team-desig desig\">Gayrimenkul Dan\u0131\u015fman\u0131 \/ <\/span><\/div><\/div><\/div><\/div><!-- Single Item --><div class=\"col-lg-4 col-md-6\"><div class=\"th-team team-card style2\"><div class=\"img-wrap\"><div class=\"team-img\"><img decoding=\"async\" src=\"https:\/\/eraunique.com\/wp-content\/uploads\/2025\/12\/WhatsApp-Image-2025-12-26-at-15.30.28.jpeg\" alt=\"WhatsApp Image 2025 12 26 at 15.30.28\"  \/><\/div><div class=\"th-social-wrap\"><div class=\"th-social\"><\/div><a class=\"icon-btn\" href=\"https:\/\/eraunique.com\/en\/aylin-adakul\/\"><img decoding=\"async\" src=\"https:\/\/eraunique.com\/wp-content\/plugins\/realar-core\/assets\/img\/arrow-right.svg\" alt=\"img\"><\/a><\/div><\/div><div class=\"team-card-content\"><div class=\"media-left\"><h3 class=\"box-title title\"><a href=\"https:\/\/eraunique.com\/en\/aylin-adakul\/\">Aylin Adakul<\/a><\/h3><span class=\"team-desig desig\">Ofis Asistan\u0131 \/ 05462558815<\/span><\/div><a class=\"icon-btn\" href=\"tel:+905462558815\"><img decoding=\"async\" src=\"https:\/\/eraunique.com\/wp-content\/uploads\/2024\/05\/phone-1.svg\" alt=\"img\"><\/a><\/div><\/div><\/div><\/div><\/div><\/div>\t\t\t\t<\/div>\n\t\t\t\t<\/div>\n\t\t\t\t\t<\/div>\n\t\t\t\t<\/div>\n\t\t\t\t<\/div>","protected":false},"excerpt":{"rendered":"<p>U\u011fur Karayeti\u015f Broker Sahibi \/ 05323575254 Atilla Karayeti\u015f Gayrimenkul Dan\u0131\u015fman\u0131 \/ 05318323868 Cem Sarp Gayrimenkul Dan\u0131\u015fman\u0131 \/ 05336826137 Sibel M\u00fcft\u00fco\u011flu Gayrimenkul Dan\u0131\u015fman\u0131 \/ 05336477544 Suat K\u0131l\u0131\u00e7 Gayrimenkul Dan\u0131\u015fman\u0131 \/ 05425087828 U\u011fur Erdemir Gayrimenkul Dan\u0131\u015fman\u0131 \/ 05378749523 Erhan Tun\u00e7ay Gayrimenkul Dan\u0131\u015fman\u0131 \/ 05322736586 Ayten K\u0131z\u0131lcan Y\u0131ld\u0131z Gayrimenkul Dan\u0131\u015fman\u0131 \/ Aylin Adakul Ofis Asistan\u0131 \/ 05462558815<\/p>","protected":false},"author":1,"featured_media":0,"parent":0,"menu_order":0,"comment_status":"closed","ping_status":"closed","template":"template-builder.php","meta":{"_monsterinsights_skip_tracking":false,"_monsterinsights_sitenote_active":false,"_monsterinsights_sitenote_note":"","_monsterinsights_sitenote_category":0,"footnotes":""},"class_list":["post-1489","page","type-page","status-publish","hentry"],"aioseo_notices":[],"_links":{"self":[{"href":"https:\/\/eraunique.com\/en\/wp-json\/wp\/v2\/pages\/1489","targetHints":{"allow":["GET"]}}],"collection":[{"href":"https:\/\/eraunique.com\/en\/wp-json\/wp\/v2\/pages"}],"about":[{"href":"https:\/\/eraunique.com\/en\/wp-json\/wp\/v2\/types\/page"}],"author":[{"embeddable":true,"href":"https:\/\/eraunique.com\/en\/wp-json\/wp\/v2\/users\/1"}],"replies":[{"embeddable":true,"href":"https:\/\/eraunique.com\/en\/wp-json\/wp\/v2\/comments?post=1489"}],"version-history":[{"count":42,"href":"https:\/\/eraunique.com\/en\/wp-json\/wp\/v2\/pages\/1489\/revisions"}],"predecessor-version":[{"id":7537,"href":"https:\/\/eraunique.com\/en\/wp-json\/wp\/v2\/pages\/1489\/revisions\/7537"}],"wp:attachment":[{"href":"https:\/\/eraunique.com\/en\/wp-json\/wp\/v2\/media?parent=1489"}],"curies":[{"name":"wp","href":"https:\/\/api.w.org\/{rel}","templated":true}]}}