{"id":1470,"date":"2024-05-27T11:17:14","date_gmt":"2024-05-27T11:17:14","guid":{"rendered":"https:\/\/wordpress.themeholy.com\/realar\/?page_id=1470"},"modified":"2025-10-30T20:10:19","modified_gmt":"2025-10-30T20:10:19","slug":"ugur-karayetis","status":"publish","type":"page","link":"https:\/\/eraunique.com\/en\/ugur-karayetis\/","title":{"rendered":"U\u011fur Karayeti\u015f"},"content":{"rendered":"<div data-elementor-type=\"wp-page\" data-elementor-id=\"1470\" class=\"elementor elementor-1470\">\n\t\t\t\t<div class=\"elementor-element elementor-element-34a309c e-con-full e-flex e-con e-parent\" data-id=\"34a309c\" data-element_type=\"container\" data-e-type=\"container\" data-settings=\"{&quot;background_background&quot;:&quot;classic&quot;}\">\n\t\t<div class=\"elementor-element elementor-element-c9b72c9 e-flex e-con-boxed e-con e-child\" data-id=\"c9b72c9\" data-element_type=\"container\" data-e-type=\"container\">\n\t\t\t\t\t<div class=\"e-con-inner\">\n\t\t<div class=\"elementor-element elementor-element-3ad7007 e-con-full e-flex e-con e-child\" data-id=\"3ad7007\" data-element_type=\"container\" data-e-type=\"container\">\n\t\t\t\t<div class=\"elementor-element elementor-element-9abdc0e elementor-widget elementor-widget-realarteaminfo\" data-id=\"9abdc0e\" data-element_type=\"widget\" data-e-type=\"widget\" data-widget_type=\"realarteaminfo.default\">\n\t\t\t\t<div class=\"elementor-widget-container\">\n\t\t\t\t\t<div class=\"th-team team-card style4\"><div class=\"img-wrap\"><div class=\"team-img\"><img decoding=\"async\" src=\"https:\/\/eraunique.com\/wp-content\/uploads\/2025\/05\/MG-0109-copy_44UT1OCFSU_295X350.jpg\" alt=\"MG 0109 copy_44UT1OCFSU_295X350\"  \/><\/div><div class=\"th-social-wrap\"><div class=\"th-social\"><a  rel=\"nofollow\" href=\"https:\/\/it-it.facebook.com\/ugur.karayetis\"><i aria-hidden=\"true\" class=\"fab fa-facebook-f\"><\/i><\/a> <a  rel=\"nofollow\" href=\"https:\/\/www.instagram.com\/erauniquegayrimenkul\/\"><i aria-hidden=\"true\" class=\"fab fa-instagram\"><\/i><\/a> <a  rel=\"nofollow\" href=\"https:\/\/www.linkedin.com\/in\/ugur-karayetis-32a14421\/\"><i aria-hidden=\"true\" class=\"fab fa-linkedin-in\"><\/i><\/a> <a  rel=\"nofollow\" href=\"mailto:ugur.karayetis@era.com.tr\"><i aria-hidden=\"true\" class=\"fas fa-mail-bulk\"><\/i><\/a> <\/div><\/div><\/div><div class=\"team-card-content\"><div class=\"media-left\"><h3 class=\"box-title name\">U\u011fur Karayeti\u015f<\/h3><span class=\"team-desig team-about_desig\">Broker Owner<\/span><\/div><a class=\"icon-btn\" href=\"tel:+905323575254\"><img decoding=\"async\" src=\"https:\/\/eraunique.com\/wp-content\/uploads\/2024\/05\/phone.svg\" alt=\"img\"><\/a> <\/div><\/div>\t\t\t\t<\/div>\n\t\t\t\t<\/div>\n\t\t\t\t<\/div>\n\t\t<div class=\"elementor-element elementor-element-e634153 e-con-full about-card e-flex e-con e-child\" data-id=\"e634153\" data-element_type=\"container\" data-e-type=\"container\">\n\t\t\t\t<div class=\"elementor-element elementor-element-11cb3df elementor-widget elementor-widget-text-editor\" data-id=\"11cb3df\" data-element_type=\"widget\" data-e-type=\"widget\" data-widget_type=\"text-editor.default\">\n\t\t\t\t<div class=\"elementor-widget-container\">\n\t\t\t\t\t\t\t\t\t<h2 class=\"about-card_title text-theme mb-45\">Building lasting relationships based on trust and honesty is at the core of U\u011fur Karayeti\u015f's work. He takes pride in providing exceptional service.<\/h2>\t\t\t\t\t\t\t\t<\/div>\n\t\t\t\t<\/div>\n\t\t\t\t<div class=\"elementor-element elementor-element-5b91fbc elementor-widget elementor-widget-text-editor\" data-id=\"5b91fbc\" data-element_type=\"widget\" data-e-type=\"widget\" data-widget_type=\"text-editor.default\">\n\t\t\t\t<div class=\"elementor-widget-container\">\n\t\t\t\t\t\t\t\t\t<p>I started my business life in 1998 with the textile representation company I founded with my sister Sibel M\u00fcft\u00fco\u011flu.<\/p><p>In this process where we represented domestic and international brands; I gained strong experience in customer relations, business follow-up, trust-based trade and establishing long-term business partnerships.<\/p><p>This company, which is still in operation today, showed me the value of discipline, honesty and a solution-orientated approach.<\/p><p>Years later, a personal experience I had during a property sales process led me to this sector. I worked with more than one real estate agent for the property I wanted to sell; however, incomplete information, lack of interest and a sense of insecurity made this process quite tiresome for me.<\/p><p>That's when I decided: This should not work like this. With a correct, transparent and human-valuing approach, this work should have been done in a way that would really benefit.<\/p><p>In 2022, I started my own journey in the field of real estate. My goal was to bring this sector to an ethical, systematic and trust-based structure, as in European examples, and to put forward a model that would inspire both customers and the sector.<\/p><p>Today, in the office I established in Sar\u0131yer, with the principle of \"trust first\"; we serve with an understanding that focuses on building relationships, not transactions, and producing benefits, not sales.<\/p><p>My dream is to be an office in the real estate sector with its honesty, transparency and professional approach.<\/p><p>And I work for this dream every day with the same passion.<\/p>\t\t\t\t\t\t\t\t<\/div>\n\t\t\t\t<\/div>\n\t\t\t\t<div class=\"elementor-element elementor-element-c7b21ea form-custom-style elementor-widget elementor-widget-realarcontactform\" data-id=\"c7b21ea\" data-element_type=\"widget\" data-e-type=\"widget\" data-widget_type=\"realarcontactform.default\">\n\t\t\t\t<div class=\"elementor-widget-container\">\n\t\t\t\t\t\n<div class=\"wpcf7 no-js\" id=\"wpcf7-f1616-o1\" lang=\"en-US\" dir=\"ltr\" data-wpcf7-id=\"1616\">\n<div class=\"screen-reader-response\"><p role=\"status\" aria-live=\"polite\" aria-atomic=\"true\"><\/p> <ul><\/ul><\/div>\n<form action=\"\/en\/wp-json\/wp\/v2\/pages\/1470#wpcf7-f1616-o1\" method=\"post\" class=\"wpcf7-form init\" aria-label=\"Contact form\" novalidate=\"novalidate\" data-status=\"init\" data-trp-original-action=\"\/en\/wp-json\/wp\/v2\/pages\/1470#wpcf7-f1616-o1\">\n<fieldset class=\"hidden-fields-container\"><input type=\"hidden\" name=\"_wpcf7\" value=\"1616\" \/><input type=\"hidden\" name=\"_wpcf7_version\" value=\"6.1.5\" \/><input type=\"hidden\" name=\"_wpcf7_locale\" value=\"en_US\" \/><input type=\"hidden\" name=\"_wpcf7_unit_tag\" value=\"wpcf7-f1616-o1\" \/><input type=\"hidden\" name=\"_wpcf7_container_post\" value=\"0\" \/><input type=\"hidden\" name=\"_wpcf7_posted_data_hash\" value=\"\" \/>\n<\/fieldset>\n<div class=\"appointment-form\">\n    <div class=\"row\">\n        <div class=\"form-group style-border style-radius col-md-6\">\n            <span class=\"wpcf7-form-control-wrap\" data-name=\"text-999\"><input size=\"40\" maxlength=\"400\" class=\"wpcf7-form-control wpcf7-text wpcf7-validates-as-required form-control\" id=\"text-999\" aria-required=\"true\" aria-invalid=\"false\" placeholder=\"Your Name*\" value=\"\" type=\"text\" name=\"text-999\" \/><\/span><i class=\"fal fa-user\"><\/i>\n        <\/div>\n        <div class=\"form-group style-border style-radius col-md-6\">\n            <span class=\"wpcf7-form-control-wrap\" data-name=\"email-717\"><input size=\"40\" maxlength=\"400\" class=\"wpcf7-form-control wpcf7-email wpcf7-validates-as-required wpcf7-text wpcf7-validates-as-email form-control\" id=\"email-717\" aria-required=\"true\" aria-invalid=\"false\" placeholder=\"Email*\" value=\"\" type=\"email\" name=\"email-717\" \/><\/span><i class=\"fal fa-envelope\"><\/i>\n        <\/div>\n        <div class=\"form-group style-border style-radius col-md-12\">\n            <span class=\"wpcf7-form-control-wrap\" data-name=\"menu-837\"><select class=\"wpcf7-form-control wpcf7-select wpcf7-validates-as-required form-select\" id=\"menu-837\" aria-required=\"true\" aria-invalid=\"false\" name=\"menu-837\"><option value=\"Gayrimenkul\">Real Estate<\/option><option value=\"Daire\">Apartment<\/option><option value=\"Konut\">Konut<\/option><option value=\"Deluxe\">Deluxe<\/option><\/select><\/span><i class=\"fal fa-angle-down\"><\/i>\n        <\/div>\n        <div class=\"col-12 form-group style-border style-radius\">\n            <i class=\"far fa-comments\"><\/i>\n            <span class=\"wpcf7-form-control-wrap\" data-name=\"textarea-873\"><textarea cols=\"40\" rows=\"10\" maxlength=\"2000\" class=\"wpcf7-form-control wpcf7-textarea form-control\" id=\"textarea-873\" aria-invalid=\"false\" placeholder=\"Write Your Message\" name=\"textarea-873\"><\/textarea><\/span><\/div>\n        <div class=\"col-12 form-btn mt-4\">\n            <button class=\"th-btn style-border2 th-custom-icon\">Send Message <span class=\"btn-icon\"><img decoding=\"async\" src=\"https:\/\/eraunique.com\/wp-content\/uploads\/2024\/05\/paper-plane.svg\" alt=\"img\"><\/span><\/button>\n        <\/div>\n    <\/div>\n    <p class=\"form-messages mb-0 mt-3\"><\/p>\n<\/div><div class=\"wpcf7-response-output\" aria-hidden=\"true\"><\/div>\n<input type=\"hidden\" name=\"trp-form-language\" value=\"en\"\/><\/form>\n<\/div>\n\t\t\t\t<\/div>\n\t\t\t\t<\/div>\n\t\t\t\t<\/div>\n\t\t\t\t\t<\/div>\n\t\t\t\t<\/div>\n\t\t\t\t<\/div>\n\t\t<div class=\"elementor-element elementor-element-f945ad1 e-flex e-con-boxed e-con e-parent\" data-id=\"f945ad1\" data-element_type=\"container\" data-e-type=\"container\" data-settings=\"{&quot;background_background&quot;:&quot;classic&quot;}\">\n\t\t\t\t\t<div class=\"e-con-inner\">\n\t\t\t\t<div class=\"elementor-element elementor-element-3440aef gallery-spacing-custom elementor-widget elementor-widget-image-gallery\" data-id=\"3440aef\" data-element_type=\"widget\" data-e-type=\"widget\" data-widget_type=\"image-gallery.default\">\n\t\t\t\t<div class=\"elementor-widget-container\">\n\t\t\t\t\t\t\t<div class=\"elementor-image-gallery\">\n\t\t\t<div id='gallery-1' class='gallery galleryid-1470 gallery-columns-4 gallery-size-full'><figure class='gallery-item'>\n\t\t\t<div class='gallery-icon landscape'>\n\t\t\t\t<img fetchpriority=\"high\" decoding=\"async\" width=\"2338\" height=\"1653\" src=\"https:\/\/eraunique.com\/wp-content\/uploads\/2025\/05\/egitim-sertifikasi-e1747912877992.jpg\" class=\"attachment-full size-full\" alt=\"\" srcset=\"https:\/\/eraunique.com\/wp-content\/uploads\/2025\/05\/egitim-sertifikasi-e1747912877992.jpg 2338w, https:\/\/eraunique.com\/wp-content\/uploads\/2025\/05\/egitim-sertifikasi-e1747912877992-1024x724.jpg 1024w, https:\/\/eraunique.com\/wp-content\/uploads\/2025\/05\/egitim-sertifikasi-e1747912877992-768x543.jpg 768w, https:\/\/eraunique.com\/wp-content\/uploads\/2025\/05\/egitim-sertifikasi-e1747912877992-1536x1086.jpg 1536w, https:\/\/eraunique.com\/wp-content\/uploads\/2025\/05\/egitim-sertifikasi-e1747912877992-2048x1448.jpg 2048w, https:\/\/eraunique.com\/wp-content\/uploads\/2025\/05\/egitim-sertifikasi-e1747912877992-600x424.jpg 600w\" sizes=\"(max-width: 2338px) 100vw, 2338px\" \/>\n\t\t\t<\/div><\/figure><figure class='gallery-item'>\n\t\t\t<div class='gallery-icon landscape'>\n\t\t\t\t<img decoding=\"async\" width=\"2338\" height=\"1653\" src=\"https:\/\/eraunique.com\/wp-content\/uploads\/2025\/05\/AMP-belgesi-e1747912892860.jpg\" class=\"attachment-full size-full\" alt=\"\" srcset=\"https:\/\/eraunique.com\/wp-content\/uploads\/2025\/05\/AMP-belgesi-e1747912892860.jpg 2338w, https:\/\/eraunique.com\/wp-content\/uploads\/2025\/05\/AMP-belgesi-e1747912892860-1024x724.jpg 1024w, https:\/\/eraunique.com\/wp-content\/uploads\/2025\/05\/AMP-belgesi-e1747912892860-768x543.jpg 768w, https:\/\/eraunique.com\/wp-content\/uploads\/2025\/05\/AMP-belgesi-e1747912892860-1536x1086.jpg 1536w, https:\/\/eraunique.com\/wp-content\/uploads\/2025\/05\/AMP-belgesi-e1747912892860-2048x1448.jpg 2048w, https:\/\/eraunique.com\/wp-content\/uploads\/2025\/05\/AMP-belgesi-e1747912892860-600x424.jpg 600w\" sizes=\"(max-width: 2338px) 100vw, 2338px\" \/>\n\t\t\t<\/div><\/figure><figure class='gallery-item'>\n\t\t\t<div class='gallery-icon landscape'>\n\t\t\t\t<img decoding=\"async\" width=\"2338\" height=\"1653\" src=\"https:\/\/eraunique.com\/wp-content\/uploads\/2025\/05\/mesleke-yeterlilik-prog-belgesi-e1747912822712.jpg\" class=\"attachment-full size-full\" alt=\"\" srcset=\"https:\/\/eraunique.com\/wp-content\/uploads\/2025\/05\/mesleke-yeterlilik-prog-belgesi-e1747912822712.jpg 2338w, https:\/\/eraunique.com\/wp-content\/uploads\/2025\/05\/mesleke-yeterlilik-prog-belgesi-e1747912822712-1024x724.jpg 1024w, https:\/\/eraunique.com\/wp-content\/uploads\/2025\/05\/mesleke-yeterlilik-prog-belgesi-e1747912822712-768x543.jpg 768w, https:\/\/eraunique.com\/wp-content\/uploads\/2025\/05\/mesleke-yeterlilik-prog-belgesi-e1747912822712-1536x1086.jpg 1536w, https:\/\/eraunique.com\/wp-content\/uploads\/2025\/05\/mesleke-yeterlilik-prog-belgesi-e1747912822712-2048x1448.jpg 2048w, https:\/\/eraunique.com\/wp-content\/uploads\/2025\/05\/mesleke-yeterlilik-prog-belgesi-e1747912822712-600x424.jpg 600w\" sizes=\"(max-width: 2338px) 100vw, 2338px\" \/>\n\t\t\t<\/div><\/figure><figure class='gallery-item'>\n\t\t\t<div class='gallery-icon landscape'>\n\t\t\t\t<img loading=\"lazy\" decoding=\"async\" width=\"2338\" height=\"1653\" src=\"https:\/\/eraunique.com\/wp-content\/uploads\/2025\/05\/kisisel-markalastirma-egitimi-e1747912835171.jpg\" class=\"attachment-full size-full\" alt=\"\" srcset=\"https:\/\/eraunique.com\/wp-content\/uploads\/2025\/05\/kisisel-markalastirma-egitimi-e1747912835171.jpg 2338w, https:\/\/eraunique.com\/wp-content\/uploads\/2025\/05\/kisisel-markalastirma-egitimi-e1747912835171-1024x724.jpg 1024w, https:\/\/eraunique.com\/wp-content\/uploads\/2025\/05\/kisisel-markalastirma-egitimi-e1747912835171-768x543.jpg 768w, https:\/\/eraunique.com\/wp-content\/uploads\/2025\/05\/kisisel-markalastirma-egitimi-e1747912835171-1536x1086.jpg 1536w, https:\/\/eraunique.com\/wp-content\/uploads\/2025\/05\/kisisel-markalastirma-egitimi-e1747912835171-2048x1448.jpg 2048w, https:\/\/eraunique.com\/wp-content\/uploads\/2025\/05\/kisisel-markalastirma-egitimi-e1747912835171-600x424.jpg 600w\" sizes=\"(max-width: 2338px) 100vw, 2338px\" \/>\n\t\t\t<\/div><\/figure><figure class='gallery-item'>\n\t\t\t<div class='gallery-icon landscape'>\n\t\t\t\t<img loading=\"lazy\" decoding=\"async\" width=\"2338\" height=\"1653\" src=\"https:\/\/eraunique.com\/wp-content\/uploads\/2025\/05\/Karli-bir-isletme-yaratmak-e1747912849254.jpg\" class=\"attachment-full size-full\" alt=\"\" srcset=\"https:\/\/eraunique.com\/wp-content\/uploads\/2025\/05\/Karli-bir-isletme-yaratmak-e1747912849254.jpg 2338w, https:\/\/eraunique.com\/wp-content\/uploads\/2025\/05\/Karli-bir-isletme-yaratmak-e1747912849254-1024x724.jpg 1024w, https:\/\/eraunique.com\/wp-content\/uploads\/2025\/05\/Karli-bir-isletme-yaratmak-e1747912849254-768x543.jpg 768w, https:\/\/eraunique.com\/wp-content\/uploads\/2025\/05\/Karli-bir-isletme-yaratmak-e1747912849254-1536x1086.jpg 1536w, https:\/\/eraunique.com\/wp-content\/uploads\/2025\/05\/Karli-bir-isletme-yaratmak-e1747912849254-2048x1448.jpg 2048w, https:\/\/eraunique.com\/wp-content\/uploads\/2025\/05\/Karli-bir-isletme-yaratmak-e1747912849254-600x424.jpg 600w\" sizes=\"(max-width: 2338px) 100vw, 2338px\" \/>\n\t\t\t<\/div><\/figure><figure class='gallery-item'>\n\t\t\t<div class='gallery-icon landscape'>\n\t\t\t\t<img loading=\"lazy\" decoding=\"async\" width=\"2338\" height=\"1653\" src=\"https:\/\/eraunique.com\/wp-content\/uploads\/2025\/05\/Focus-egitim-sertifikasi-2-e1747912861821.jpg\" class=\"attachment-full size-full\" alt=\"\" srcset=\"https:\/\/eraunique.com\/wp-content\/uploads\/2025\/05\/Focus-egitim-sertifikasi-2-e1747912861821.jpg 2338w, https:\/\/eraunique.com\/wp-content\/uploads\/2025\/05\/Focus-egitim-sertifikasi-2-e1747912861821-1024x724.jpg 1024w, https:\/\/eraunique.com\/wp-content\/uploads\/2025\/05\/Focus-egitim-sertifikasi-2-e1747912861821-768x543.jpg 768w, https:\/\/eraunique.com\/wp-content\/uploads\/2025\/05\/Focus-egitim-sertifikasi-2-e1747912861821-1536x1086.jpg 1536w, https:\/\/eraunique.com\/wp-content\/uploads\/2025\/05\/Focus-egitim-sertifikasi-2-e1747912861821-2048x1448.jpg 2048w, https:\/\/eraunique.com\/wp-content\/uploads\/2025\/05\/Focus-egitim-sertifikasi-2-e1747912861821-600x424.jpg 600w\" sizes=\"(max-width: 2338px) 100vw, 2338px\" \/>\n\t\t\t<\/div><\/figure><figure class='gallery-item'>\n\t\t\t<div class='gallery-icon landscape'>\n\t\t\t\t<img loading=\"lazy\" decoding=\"async\" width=\"2338\" height=\"1653\" src=\"https:\/\/eraunique.com\/wp-content\/uploads\/2025\/05\/Focus-egitim-sertifasi-rotated.jpg\" class=\"attachment-full size-full\" alt=\"\" srcset=\"https:\/\/eraunique.com\/wp-content\/uploads\/2025\/05\/Focus-egitim-sertifasi-rotated.jpg 2338w, https:\/\/eraunique.com\/wp-content\/uploads\/2025\/05\/Focus-egitim-sertifasi-1024x724.jpg 1024w, https:\/\/eraunique.com\/wp-content\/uploads\/2025\/05\/Focus-egitim-sertifasi-768x543.jpg 768w, https:\/\/eraunique.com\/wp-content\/uploads\/2025\/05\/Focus-egitim-sertifasi-1536x1086.jpg 1536w, https:\/\/eraunique.com\/wp-content\/uploads\/2025\/05\/Focus-egitim-sertifasi-2048x1448.jpg 2048w, https:\/\/eraunique.com\/wp-content\/uploads\/2025\/05\/Focus-egitim-sertifasi-600x424.jpg 600w\" sizes=\"(max-width: 2338px) 100vw, 2338px\" \/>\n\t\t\t<\/div><\/figure><figure class='gallery-item'>\n\t\t\t<div class='gallery-icon landscape'>\n\t\t\t\t<img loading=\"lazy\" decoding=\"async\" width=\"1754\" height=\"1299\" src=\"https:\/\/eraunique.com\/wp-content\/uploads\/2025\/05\/TTBS-YetkiBelgesi-2024.jpg\" class=\"attachment-full size-full\" alt=\"\" srcset=\"https:\/\/eraunique.com\/wp-content\/uploads\/2025\/05\/TTBS-YetkiBelgesi-2024.jpg 1754w, https:\/\/eraunique.com\/wp-content\/uploads\/2025\/05\/TTBS-YetkiBelgesi-2024-1024x758.jpg 1024w, https:\/\/eraunique.com\/wp-content\/uploads\/2025\/05\/TTBS-YetkiBelgesi-2024-768x569.jpg 768w, https:\/\/eraunique.com\/wp-content\/uploads\/2025\/05\/TTBS-YetkiBelgesi-2024-1536x1138.jpg 1536w, https:\/\/eraunique.com\/wp-content\/uploads\/2025\/05\/TTBS-YetkiBelgesi-2024-600x444.jpg 600w\" sizes=\"(max-width: 1754px) 100vw, 1754px\" \/>\n\t\t\t<\/div><\/figure><figure class='gallery-item'>\n\t\t\t<div class='gallery-icon landscape'>\n\t\t\t\t<img loading=\"lazy\" decoding=\"async\" width=\"1463\" height=\"1131\" src=\"https:\/\/eraunique.com\/wp-content\/uploads\/2025\/06\/Ugur-Karayetis.jpg\" class=\"attachment-full size-full\" alt=\"\" srcset=\"https:\/\/eraunique.com\/wp-content\/uploads\/2025\/06\/Ugur-Karayetis.jpg 1463w, https:\/\/eraunique.com\/wp-content\/uploads\/2025\/06\/Ugur-Karayetis-1024x792.jpg 1024w, https:\/\/eraunique.com\/wp-content\/uploads\/2025\/06\/Ugur-Karayetis-768x594.jpg 768w, https:\/\/eraunique.com\/wp-content\/uploads\/2025\/06\/Ugur-Karayetis-16x12.jpg 16w, https:\/\/eraunique.com\/wp-content\/uploads\/2025\/06\/Ugur-Karayetis-600x464.jpg 600w\" sizes=\"(max-width: 1463px) 100vw, 1463px\" \/>\n\t\t\t<\/div><\/figure><figure class='gallery-item'>\n\t\t\t<div class='gallery-icon portrait'>\n\t\t\t\t<img loading=\"lazy\" decoding=\"async\" width=\"1653\" height=\"2338\" src=\"https:\/\/eraunique.com\/wp-content\/uploads\/2025\/05\/mesleki-yeterlilik-belgsi-seviye-5_Sayfa_2.jpg\" class=\"attachment-full size-full\" alt=\"\" srcset=\"https:\/\/eraunique.com\/wp-content\/uploads\/2025\/05\/mesleki-yeterlilik-belgsi-seviye-5_Sayfa_2.jpg 1653w, https:\/\/eraunique.com\/wp-content\/uploads\/2025\/05\/mesleki-yeterlilik-belgsi-seviye-5_Sayfa_2-724x1024.jpg 724w, https:\/\/eraunique.com\/wp-content\/uploads\/2025\/05\/mesleki-yeterlilik-belgsi-seviye-5_Sayfa_2-768x1086.jpg 768w, https:\/\/eraunique.com\/wp-content\/uploads\/2025\/05\/mesleki-yeterlilik-belgsi-seviye-5_Sayfa_2-1086x1536.jpg 1086w, https:\/\/eraunique.com\/wp-content\/uploads\/2025\/05\/mesleki-yeterlilik-belgsi-seviye-5_Sayfa_2-1448x2048.jpg 1448w, https:\/\/eraunique.com\/wp-content\/uploads\/2025\/05\/mesleki-yeterlilik-belgsi-seviye-5_Sayfa_2-600x849.jpg 600w\" sizes=\"(max-width: 1653px) 100vw, 1653px\" \/>\n\t\t\t<\/div><\/figure><figure class='gallery-item'>\n\t\t\t<div class='gallery-icon portrait'>\n\t\t\t\t<img loading=\"lazy\" decoding=\"async\" width=\"1653\" height=\"2338\" src=\"https:\/\/eraunique.com\/wp-content\/uploads\/2025\/05\/mesleki-yeterlilik-belgsi-seviye-5_Sayfa_1.jpg\" class=\"attachment-full size-full\" alt=\"\" srcset=\"https:\/\/eraunique.com\/wp-content\/uploads\/2025\/05\/mesleki-yeterlilik-belgsi-seviye-5_Sayfa_1.jpg 1653w, https:\/\/eraunique.com\/wp-content\/uploads\/2025\/05\/mesleki-yeterlilik-belgsi-seviye-5_Sayfa_1-724x1024.jpg 724w, https:\/\/eraunique.com\/wp-content\/uploads\/2025\/05\/mesleki-yeterlilik-belgsi-seviye-5_Sayfa_1-768x1086.jpg 768w, https:\/\/eraunique.com\/wp-content\/uploads\/2025\/05\/mesleki-yeterlilik-belgsi-seviye-5_Sayfa_1-1086x1536.jpg 1086w, https:\/\/eraunique.com\/wp-content\/uploads\/2025\/05\/mesleki-yeterlilik-belgsi-seviye-5_Sayfa_1-1448x2048.jpg 1448w, https:\/\/eraunique.com\/wp-content\/uploads\/2025\/05\/mesleki-yeterlilik-belgsi-seviye-5_Sayfa_1-600x849.jpg 600w\" sizes=\"(max-width: 1653px) 100vw, 1653px\" \/>\n\t\t\t<\/div><\/figure>\n\t\t<\/div>\n\t\t<\/div>\n\t\t\t\t\t\t<\/div>\n\t\t\t\t<\/div>\n\t\t\t\t\t<\/div>\n\t\t\t\t<\/div>\n\t\t\t\t<\/div>","protected":false},"excerpt":{"rendered":"<p>U\u011fur Karayeti\u015f Broker Sahibi G\u00fcven ve d\u00fcr\u00fcstl\u00fc\u011fe dayal\u0131 kal\u0131c\u0131 ili\u015fkiler kurmak U\u011fur Karayeti\u015f&#8217;in \u00e7al\u0131\u015fmalar\u0131n\u0131n \u00f6z\u00fcn\u00fc olu\u015fturmaktad\u0131r. Ola\u011fan\u00fcst\u00fc hizmet sunmaktan gurur duyar. \u0130\u015f hayat\u0131na 1998 y\u0131l\u0131nda, ablam Sibel M\u00fcft\u00fco\u011flu ile birlikte kurdu\u011fumuz tekstil m\u00fcmessillik \u015firketi ile ad\u0131m att\u0131m. Yurt i\u00e7i ve yurt d\u0131\u015f\u0131 markalara temsilcilik yapt\u0131\u011f\u0131m\u0131z bu s\u00fcre\u00e7te; m\u00fc\u015fteri ili\u015fkileri, i\u015f takibi, g\u00fcvene dayal\u0131 ticaret ve&#8230;<\/p>","protected":false},"author":1,"featured_media":0,"parent":0,"menu_order":0,"comment_status":"closed","ping_status":"closed","template":"template-builder.php","meta":{"_monsterinsights_skip_tracking":false,"_monsterinsights_sitenote_active":false,"_monsterinsights_sitenote_note":"","_monsterinsights_sitenote_category":0,"footnotes":""},"class_list":["post-1470","page","type-page","status-publish","hentry"],"aioseo_notices":[],"_links":{"self":[{"href":"https:\/\/eraunique.com\/en\/wp-json\/wp\/v2\/pages\/1470","targetHints":{"allow":["GET"]}}],"collection":[{"href":"https:\/\/eraunique.com\/en\/wp-json\/wp\/v2\/pages"}],"about":[{"href":"https:\/\/eraunique.com\/en\/wp-json\/wp\/v2\/types\/page"}],"author":[{"embeddable":true,"href":"https:\/\/eraunique.com\/en\/wp-json\/wp\/v2\/users\/1"}],"replies":[{"embeddable":true,"href":"https:\/\/eraunique.com\/en\/wp-json\/wp\/v2\/comments?post=1470"}],"version-history":[{"count":26,"href":"https:\/\/eraunique.com\/en\/wp-json\/wp\/v2\/pages\/1470\/revisions"}],"predecessor-version":[{"id":7388,"href":"https:\/\/eraunique.com\/en\/wp-json\/wp\/v2\/pages\/1470\/revisions\/7388"}],"wp:attachment":[{"href":"https:\/\/eraunique.com\/en\/wp-json\/wp\/v2\/media?parent=1470"}],"curies":[{"name":"wp","href":"https:\/\/api.w.org\/{rel}","templated":true}]}}