{"id":1398,"date":"2024-05-27T08:12:04","date_gmt":"2024-05-27T08:12:04","guid":{"rendered":"https:\/\/wordpress.themeholy.com\/realar\/?page_id=1398"},"modified":"2026-02-01T23:07:43","modified_gmt":"2026-02-01T23:07:43","slug":"about-us","status":"publish","type":"page","link":"https:\/\/eraunique.com\/en\/about-us\/","title":{"rendered":"About Us"},"content":{"rendered":"<div data-elementor-type=\"wp-page\" data-elementor-id=\"1398\" class=\"elementor elementor-1398\">\n\t\t\t\t<div class=\"elementor-element elementor-element-193c9d0 e-con-full e-flex e-con e-parent\" data-id=\"193c9d0\" data-element_type=\"container\" data-e-type=\"container\" data-settings=\"{&quot;background_background&quot;:&quot;classic&quot;}\">\n\t\t<div class=\"elementor-element elementor-element-5ba1d7f e-flex e-con-boxed e-con e-child\" data-id=\"5ba1d7f\" data-element_type=\"container\" data-e-type=\"container\">\n\t\t\t\t\t<div class=\"e-con-inner\">\n\t\t<div class=\"elementor-element elementor-element-cc22b05 e-con-full e-flex e-con e-child\" data-id=\"cc22b05\" data-element_type=\"container\" data-e-type=\"container\">\n\t\t\t\t<div class=\"elementor-element elementor-element-bb04605 elementor-widget elementor-widget-realarsectiontitle\" data-id=\"bb04605\" data-element_type=\"widget\" data-e-type=\"widget\" data-widget_type=\"realarsectiontitle.default\">\n\t\t\t\t<div class=\"elementor-widget-container\">\n\t\t\t\t\t\t\t<div class=\"title-area text-left  mb-32\">\r\n\t\t\t<h2 class=\"sec-title style2\">Unique Vision &amp; Mission<\/h2><p class=\"sec-text\">To be the most recommended office in the real estate sector, recognised by the principle of honesty, transparency and trust, establishing long-term relationships.\n<p>\nM\u00fc\u015fterisine her zaman geri d\u00f6n\u00fc\u015f yapan,s\u00f6z\u00fcn\u00fc tutan,\u00e7ok \u00e7al\u0131\u015fkan,y\u0131lmayan,kendini s\u00fcrekli geli\u015ftiren ve t\u00fcm bildiklerini ekibiyle payla\u015fan d\u00fcr\u00fcst bir ofis olarak fark yaratmak.<\/p>\t\t<\/div>\r\n\r\n\t\t\t\t\t<\/div>\n\t\t\t\t<\/div>\n\t\t\t\t<\/div>\n\t\t<div class=\"elementor-element elementor-element-ca89346 e-con-full e-flex e-con e-child\" data-id=\"ca89346\" data-element_type=\"container\" data-e-type=\"container\">\n\t\t\t\t<div class=\"elementor-element elementor-element-00b54a6 elementor-widget elementor-widget-realarvideo\" data-id=\"00b54a6\" data-element_type=\"widget\" data-e-type=\"widget\" data-widget_type=\"realarvideo.default\">\n\t\t\t\t<div class=\"elementor-widget-container\">\n\t\t\t\t\t<div class=\"img-box3\"><div class=\"img1\"><img decoding=\"async\" src=\"https:\/\/eraunique.com\/wp-content\/uploads\/2024\/05\/about_3_1.png\" alt=\"About\"><\/div><div class=\"about-tag\"><\/div><\/div>\t\t\t\t<\/div>\n\t\t\t\t<\/div>\n\t\t\t\t<\/div>\n\t\t\t\t\t<\/div>\n\t\t\t\t<\/div>\n\t\t<div class=\"elementor-element elementor-element-6e88f79 e-flex e-con-boxed e-con e-child\" data-id=\"6e88f79\" data-element_type=\"container\" data-e-type=\"container\">\n\t\t\t\t\t<div class=\"e-con-inner\">\n\t\t<div class=\"elementor-element elementor-element-e41ae7a e-con-full img-box3 e-flex e-con e-child\" data-id=\"e41ae7a\" data-element_type=\"container\" data-e-type=\"container\">\n\t\t\t\t<div class=\"elementor-element elementor-element-26a0530 img1 elementor-widget elementor-widget-image\" data-id=\"26a0530\" data-element_type=\"widget\" data-e-type=\"widget\" data-widget_type=\"image.default\">\n\t\t\t\t<div class=\"elementor-widget-container\">\n\t\t\t\t\t\t\t\t\t\t\t\t\t\t\t<img fetchpriority=\"high\" decoding=\"async\" width=\"528\" height=\"370\" src=\"https:\/\/eraunique.com\/wp-content\/uploads\/2024\/05\/about_3_2.png\" class=\"attachment-large size-large wp-image-1449\" alt=\"\" \/>\t\t\t\t\t\t\t\t\t\t\t\t\t\t\t<\/div>\n\t\t\t\t<\/div>\n\t\t\t\t<\/div>\n\t\t<div class=\"elementor-element elementor-element-50b97ef e-con-full e-flex e-con e-child\" data-id=\"50b97ef\" data-element_type=\"container\" data-e-type=\"container\">\n\t\t\t\t<div class=\"elementor-element elementor-element-e28b06d elementor-widget elementor-widget-text-editor\" data-id=\"e28b06d\" data-element_type=\"widget\" data-e-type=\"widget\" data-widget_type=\"text-editor.default\">\n\t\t\t\t<div class=\"elementor-widget-container\">\n\t\t\t\t\t\t\t\t\t<p class=\"\" data-start=\"114\" data-end=\"388\">Our office, in the real estate sector <strong data-start=\"147\" data-end=\"180\">honesty, transparency and trust<\/strong> operates on the basis of its principles. We aim to establish long-term collaborations in the sector, to meet the expectations of our customers at the highest level and <strong data-start=\"337\" data-end=\"367\">most recommended office<\/strong> we aim to be.<\/p><p class=\"\" data-start=\"390\" data-end=\"774\">We see customer satisfaction as our focal point; always <strong data-start=\"452\" data-end=\"503\">to provide timely, accurate and complete feedback<\/strong> principle. We fulfil our promises completely, <strong data-start=\"565\" data-end=\"609\">we work with determination, we move forward undaunted<\/strong>. We adapt to changing market conditions by constantly improving ourselves, we create a strong team spirit by sharing all the knowledge and experience we have gained with our team.<\/p><p class=\"\" data-start=\"776\" data-end=\"938\">With our ethical values, working discipline and customer-oriented approach, we have <strong data-start=\"871\" data-end=\"917\">a distinctive and reliable solution partner<\/strong> we continue to be.<\/p>\t\t\t\t\t\t\t\t<\/div>\n\t\t\t\t<\/div>\n\t\t\t\t<\/div>\n\t\t\t\t\t<\/div>\n\t\t\t\t<\/div>\n\t\t\t\t<\/div>\n\t\t<div class=\"elementor-element elementor-element-2679259 e-con-full e-flex e-con e-parent\" data-id=\"2679259\" data-element_type=\"container\" data-e-type=\"container\" data-settings=\"{&quot;background_background&quot;:&quot;classic&quot;}\">\n\t\t<div class=\"elementor-element elementor-element-3c004c0 e-flex e-con-boxed e-con e-child\" data-id=\"3c004c0\" data-element_type=\"container\" data-e-type=\"container\">\n\t\t\t\t\t<div class=\"e-con-inner\">\n\t\t<div class=\"elementor-element elementor-element-e383972 e-con-full e-flex e-con e-child\" data-id=\"e383972\" data-element_type=\"container\" data-e-type=\"container\">\n\t\t\t\t<div class=\"elementor-element elementor-element-3ad41bc elementor-widget elementor-widget-realarsectiontitle\" data-id=\"3ad41bc\" data-element_type=\"widget\" data-e-type=\"widget\" data-widget_type=\"realarsectiontitle.default\">\n\t\t\t\t<div class=\"elementor-widget-container\">\n\t\t\t\t\t\t\t<div class=\"title-area text-left\">\r\n\t\t\t<h2 class=\"sec-title\">Why Choose Us?<\/h2><p>We started our business life in 1998, and we have been in the real estate sector since 2022. During this time, we have progressed rapidly, especially in the field of luxury residences. We aim to offer our customers not only a house, but also locations and the right investments that will add value to their lives. We make a difference by combining our experience and energy with personalised solutions.<\/p>\t\t<\/div>\r\n\r\n\t\t\t\t\t<\/div>\n\t\t\t\t<\/div>\n\t\t\t\t<\/div>\n\t\t<div class=\"elementor-element elementor-element-8ac302a e-con-full e-flex e-con e-child\" data-id=\"8ac302a\" data-element_type=\"container\" data-e-type=\"container\">\n\t\t\t\t<div class=\"elementor-element elementor-element-5796fdc elementor-widget elementor-widget-realarbutton\" data-id=\"5796fdc\" data-element_type=\"widget\" data-e-type=\"widget\" data-widget_type=\"realarbutton.default\">\n\t\t\t\t<div class=\"elementor-widget-container\">\n\t\t\t\t\t<div class=\"btn-wrapper\"><a class=\"th-btn th_btn style2 th-btn-icon style-border3\" href=\"https:\/\/eraunique.com\/en\/contact\/\">Contact us<\/a><\/div>\t\t\t\t<\/div>\n\t\t\t\t<\/div>\n\t\t\t\t<\/div>\n\t\t\t\t\t<\/div>\n\t\t\t\t<\/div>\n\t\t\t\t<\/div>\n\t\t<div class=\"elementor-element elementor-element-4474f09 e-con-full e-flex e-con e-parent\" data-id=\"4474f09\" data-element_type=\"container\" data-e-type=\"container\" data-settings=\"{&quot;background_background&quot;:&quot;classic&quot;}\">\n\t\t<div class=\"elementor-element elementor-element-0586625 e-flex e-con-boxed e-con e-child\" data-id=\"0586625\" data-element_type=\"container\" data-e-type=\"container\" data-settings=\"{&quot;background_background&quot;:&quot;classic&quot;}\">\n\t\t\t\t\t<div class=\"e-con-inner\">\n\t\t<div class=\"elementor-element elementor-element-fbd4ece e-con-full e-flex e-con e-child\" data-id=\"fbd4ece\" data-element_type=\"container\" data-e-type=\"container\">\n\t\t\t\t<div class=\"elementor-element elementor-element-ffdec60 elementor-widget elementor-widget-realarsectiontitle\" data-id=\"ffdec60\" data-element_type=\"widget\" data-e-type=\"widget\" data-widget_type=\"realarsectiontitle.default\">\n\t\t\t\t<div class=\"elementor-widget-container\">\n\t\t\t\t\t\t\t<div class=\"title-area text-left\">\r\n\t\t\t<h2 class=\"sec-title\">Meet the Amazing Team<\/h2>\t\t<\/div>\r\n\r\n\t\t\t\t\t<\/div>\n\t\t\t\t<\/div>\n\t\t\t\t<\/div>\n\t\t<div class=\"elementor-element elementor-element-2073264 e-con-full e-flex e-con e-child\" data-id=\"2073264\" data-element_type=\"container\" data-e-type=\"container\">\n\t\t\t\t<div class=\"elementor-element elementor-element-491b772 elementor-widget elementor-widget-realarbutton\" data-id=\"491b772\" data-element_type=\"widget\" data-e-type=\"widget\" data-widget_type=\"realarbutton.default\">\n\t\t\t\t<div class=\"elementor-widget-container\">\n\t\t\t\t\t<div class=\"btn-wrapper\"><a class=\"th-btn th_btn style2 th-btn-icon style-border3\" href=\"https:\/\/eraunique.com\/en\/team\/\">View All Team<\/a><\/div>\t\t\t\t<\/div>\n\t\t\t\t<\/div>\n\t\t\t\t<\/div>\n\t\t\t\t\t<\/div>\n\t\t\t\t<\/div>\n\t\t<div class=\"elementor-element elementor-element-962acdf e-flex e-con-boxed e-con e-child\" data-id=\"962acdf\" data-element_type=\"container\" data-e-type=\"container\" data-settings=\"{&quot;background_background&quot;:&quot;classic&quot;}\">\n\t\t\t\t\t<div class=\"e-con-inner\">\n\t\t<div class=\"elementor-element elementor-element-241047f e-con-full e-flex e-con e-child\" data-id=\"241047f\" data-element_type=\"container\" data-e-type=\"container\">\n\t\t\t\t<div class=\"elementor-element elementor-element-84a4e66 elementor-widget elementor-widget-realarteam\" data-id=\"84a4e66\" data-element_type=\"widget\" data-e-type=\"widget\" data-widget_type=\"realarteam.default\">\n\t\t\t\t<div class=\"elementor-widget-container\">\n\t\t\t\t\t<div class=\"slider-area team-slider2\"><div class=\"swiper th-slider\" id=\"teamSlider2\" data-slider-options='{\"breakpoints\":{\"0\":{\"slidesPerView\":1},\"576\":{\"slidesPerView\":1},\"768\":{\"slidesPerView\":2},\"992\":{\"slidesPerView\":3},\"1200\":{\"slidesPerView\":3}}}'><div class=\"swiper-wrapper\"><!-- Single Item --><div class=\"swiper-slide\"><div class=\"th-team team-card style2\"><div class=\"img-wrap\"><div class=\"team-img\"><img decoding=\"async\" src=\"https:\/\/eraunique.com\/wp-content\/uploads\/2025\/05\/MG-0109-copy_44UT1OCFSU_295X350.jpg\" alt=\"MG 0109 copy_44UT1OCFSU_295X350\"  \/><\/div><div class=\"th-social-wrap\"><div class=\"th-social\"><a  href=\"https:\/\/it-it.facebook.com\/ugur.karayetis\"><i class=\"fab fa-facebook\"><\/i><\/a><a  href=\"https:\/\/www.linkedin.com\/in\/ugur-karayetis-32a14421\/\"><i class=\"fab fa-linkedin\"><\/i><\/a><a  href=\"https:\/\/www.instagram.com\/erauniquegayrimenkul\/\"><i class=\"fab fa-instagram\"><\/i><\/a><\/div><a class=\"icon-btn\" href=\"https:\/\/eraunique.com\/en\/team-details\/\"><img decoding=\"async\" src=\"https:\/\/eraunique.com\/wp-content\/plugins\/realar-core\/assets\/img\/arrow-right.svg\" alt=\"img\"><\/a><\/div><\/div><div class=\"team-card-content\"><div class=\"media-left\"><h3 class=\"box-title title\"><a href=\"https:\/\/eraunique.com\/en\/team-details\/\">U\u011fur Karayeti\u015f<\/a><\/h3><span class=\"team-desig desig\">Broker Owner<\/span><\/div><a class=\"icon-btn\" href=\"tel:+905323575254\"><img decoding=\"async\" src=\"https:\/\/eraunique.com\/wp-content\/uploads\/2024\/05\/phone-1.svg\" alt=\"img\"><\/a><\/div><\/div><\/div><!-- Single Item --><div class=\"swiper-slide\"><div class=\"th-team team-card style2\"><div class=\"img-wrap\"><div class=\"team-img\"><img decoding=\"async\" src=\"https:\/\/eraunique.com\/wp-content\/uploads\/2025\/05\/DSC02440-Enhanced-NR-copy_YWLCIX.jpg\" alt=\"DSC02440 Enhanced NR copy_YWLCIX\"  \/><\/div><div class=\"th-social-wrap\"><div class=\"th-social\"><a  href=\"https:\/\/www.linkedin.com\/in\/attila-karayeti%C5%9F-3814b1150?utm_source=share&#038;utm_campaign=share_via&#038;utm_content=profile&#038;utm_medium=ios_app\"><i class=\"fab fa-linkedin\"><\/i><\/a><a  href=\"https:\/\/www.instagram.com\/era.attilakarayetis?igsh=dDhuZXM4OHU1NzM%3D&#038;utm_source=qr\"><i class=\"fab fa-instagram\"><\/i><\/a><\/div><a class=\"icon-btn\" href=\"https:\/\/eraunique.com\/en\/atilla-karayetis\/\"><img decoding=\"async\" src=\"https:\/\/eraunique.com\/wp-content\/plugins\/realar-core\/assets\/img\/arrow-right.svg\" alt=\"img\"><\/a><\/div><\/div><div class=\"team-card-content\"><div class=\"media-left\"><h3 class=\"box-title title\"><a href=\"https:\/\/eraunique.com\/en\/atilla-karayetis\/\">Atilla Karayeti\u015f<\/a><\/h3><span class=\"team-desig desig\">Property Consultant<\/span><\/div><a class=\"icon-btn\" href=\"tel:+905318323868\"><img decoding=\"async\" src=\"https:\/\/eraunique.com\/wp-content\/uploads\/2024\/05\/phone-1.svg\" alt=\"img\"><\/a><\/div><\/div><\/div><!-- Single Item --><div class=\"swiper-slide\"><div class=\"th-team team-card style2\"><div class=\"img-wrap\"><div class=\"team-img\"><img decoding=\"async\" src=\"https:\/\/eraunique.com\/wp-content\/uploads\/2025\/05\/484846-014_5730B4ECTA_295X350.jpg\" alt=\"484846 014_5730B4ECTA_295X350\"  \/><\/div><div class=\"th-social-wrap\"><div class=\"th-social\"><a  href=\"https:\/\/www.facebook.com\/era.cemsarp\"><i class=\"fab fa-facebook\"><\/i><\/a><a  href=\"https:\/\/twitter.com\/eracemsarp\"><i class=\"fab fa-twitter\"><\/i><\/a><a  href=\"https:\/\/www.linkedin.com\/in\/eracemsarp\"><i class=\"fab fa-linkedin\"><\/i><\/a><a  href=\"https:\/\/www.instagram.com\/era.cemsarp\/\"><i class=\"fab fa-instagram\"><\/i><\/a><a  href=\"https:\/\/youtube.com\/@eracemsarp\"><i class=\"fab fa-youtube\"><\/i><\/a><\/div><a class=\"icon-btn\" href=\"https:\/\/eraunique.com\/en\/cem-sarp\/\"><img decoding=\"async\" src=\"https:\/\/eraunique.com\/wp-content\/plugins\/realar-core\/assets\/img\/arrow-right.svg\" alt=\"img\"><\/a><\/div><\/div><div class=\"team-card-content\"><div class=\"media-left\"><h3 class=\"box-title title\"><a href=\"https:\/\/eraunique.com\/en\/cem-sarp\/\">Cem Sarp<\/a><\/h3><span class=\"team-desig desig\">Property Consultant<\/span><\/div><a class=\"icon-btn\" href=\"tel:+905336826137\"><img decoding=\"async\" src=\"https:\/\/eraunique.com\/wp-content\/uploads\/2024\/05\/phone-1.svg\" alt=\"img\"><\/a><\/div><\/div><\/div><!-- Single Item --><div class=\"swiper-slide\"><div class=\"th-team team-card style2\"><div class=\"img-wrap\"><div class=\"team-img\"><img decoding=\"async\" src=\"https:\/\/eraunique.com\/wp-content\/uploads\/2025\/05\/ugur-erdemir-2_D87T1BEZ5H_295X35.jpg\" alt=\"ugur erdemir 2_D87T1BEZ5H_295X35\"  \/><\/div><div class=\"th-social-wrap\"><div class=\"th-social\"><a  href=\"https:\/\/www.instagram.com\/era.ugurerdemir?igsh=MTFhZW84b3h4djh0dg%3D%3D&#038;utm_source=qr\"><i class=\"fab fa-instagram\"><\/i><\/a><a  href=\"https:\/\/youtube.com\/@ugurerdemirera?si=nwQmJ0bm-lVunx7K\"><i class=\"fab fa-youtube\"><\/i><\/a><\/div><a class=\"icon-btn\" href=\"https:\/\/eraunique.com\/en\/ugur-erdemir\/\"><img decoding=\"async\" src=\"https:\/\/eraunique.com\/wp-content\/plugins\/realar-core\/assets\/img\/arrow-right.svg\" alt=\"img\"><\/a><\/div><\/div><div class=\"team-card-content\"><div class=\"media-left\"><h3 class=\"box-title title\"><a href=\"https:\/\/eraunique.com\/en\/ugur-erdemir\/\">U\u011fur Erdemir<\/a><\/h3><span class=\"team-desig desig\">Property Consultant<\/span><\/div><a class=\"icon-btn\" href=\"tel:+905378749523\"><img decoding=\"async\" src=\"https:\/\/eraunique.com\/wp-content\/uploads\/2024\/05\/phone-1.svg\" alt=\"img\"><\/a><\/div><\/div><\/div><!-- Single Item --><div class=\"swiper-slide\"><div class=\"th-team team-card style2\"><div class=\"img-wrap\"><div class=\"team-img\"><img decoding=\"async\" src=\"https:\/\/eraunique.com\/wp-content\/uploads\/2025\/05\/WhatsApp-Image-2023-09-08-at-11.jpg\" alt=\"WhatsApp Image 2023 09 08 at 11\"  \/><\/div><div class=\"th-social-wrap\"><div class=\"th-social\"><a  href=\"https:\/\/www.instagram.com\/suatkilic.era?igsh=MTFsY2JxMHFxOHNzcg==\"><i class=\"fab fa-instagram\"><\/i><\/a><\/div><a class=\"icon-btn\" href=\"https:\/\/eraunique.com\/en\/suat-kilic\/\"><img decoding=\"async\" src=\"https:\/\/eraunique.com\/wp-content\/plugins\/realar-core\/assets\/img\/arrow-right.svg\" alt=\"img\"><\/a><\/div><\/div><div class=\"team-card-content\"><div class=\"media-left\"><h3 class=\"box-title title\"><a href=\"https:\/\/eraunique.com\/en\/suat-kilic\/\">Suat K\u0131l\u0131\u00e7<\/a><\/h3><span class=\"team-desig desig\">Property Consultant<\/span><\/div><a class=\"icon-btn\" href=\"tel:+905425087828\"><img decoding=\"async\" src=\"https:\/\/eraunique.com\/wp-content\/uploads\/2024\/05\/phone-1.svg\" alt=\"img\"><\/a><\/div><\/div><\/div><!-- Single Item --><div class=\"swiper-slide\"><div class=\"th-team team-card style2\"><div class=\"img-wrap\"><div class=\"team-img\"><img decoding=\"async\" src=\"https:\/\/eraunique.com\/wp-content\/uploads\/2025\/05\/foto_QNKS4OX0BW_295X350.jpg\" alt=\"foto_QNKS4OX0BW_295X350\"  \/><\/div><div class=\"th-social-wrap\"><div class=\"th-social\"><a  href=\"https:\/\/www.linkedin.com\/in\/sibel-muftuoglu-3967389\/\"><i class=\"fab fa-linkedin\"><\/i><\/a><a  href=\"https:\/\/www.instagram.com\/erauniquesibel?igsh=eHkzcGcwZXI5bGNi\"><i class=\"fab fa-instagram\"><\/i><\/a><\/div><a class=\"icon-btn\" href=\"https:\/\/eraunique.com\/en\/sibel-muftuoglu\/\"><img decoding=\"async\" src=\"https:\/\/eraunique.com\/wp-content\/plugins\/realar-core\/assets\/img\/arrow-right.svg\" alt=\"img\"><\/a><\/div><\/div><div class=\"team-card-content\"><div class=\"media-left\"><h3 class=\"box-title title\"><a href=\"https:\/\/eraunique.com\/en\/sibel-muftuoglu\/\">Sibel M\u00fcft\u00fco\u011flu<\/a><\/h3><span class=\"team-desig desig\">Property Consultant<\/span><\/div><a class=\"icon-btn\" href=\"tel:+905336477544\"><img decoding=\"async\" src=\"https:\/\/eraunique.com\/wp-content\/uploads\/2024\/05\/phone-1.svg\" alt=\"img\"><\/a><\/div><\/div><\/div><!-- Single Item --><div class=\"swiper-slide\"><div class=\"th-team team-card style2\"><div class=\"img-wrap\"><div class=\"team-img\"><img decoding=\"async\" src=\"https:\/\/eraunique.com\/wp-content\/uploads\/2026\/01\/Screenshot_1.jpg\" alt=\"Screenshot_1\"  \/><\/div><div class=\"th-social-wrap\"><div class=\"th-social\"><a  href=\"https:\/\/www.linkedin.com\/in\/\"><i class=\"fab fa-linkedin\"><\/i><\/a><a  href=\"https:\/\/www.instagram.com\/\"><i class=\"fab fa-instagram\"><\/i><\/a><\/div><a class=\"icon-btn\" href=\"https:\/\/eraunique.com\/en\/erhan-tuncay\/\"><img decoding=\"async\" src=\"https:\/\/eraunique.com\/wp-content\/plugins\/realar-core\/assets\/img\/arrow-right.svg\" alt=\"img\"><\/a><\/div><\/div><div class=\"team-card-content\"><div class=\"media-left\"><h3 class=\"box-title title\"><a href=\"https:\/\/eraunique.com\/en\/erhan-tuncay\/\">Erhan Tun\u00e7ay<\/a><\/h3><span class=\"team-desig desig\">Property Consultant<\/span><\/div><a class=\"icon-btn\" href=\"tel:+905322736586\"><img decoding=\"async\" src=\"https:\/\/eraunique.com\/wp-content\/uploads\/2024\/05\/phone-1.svg\" alt=\"img\"><\/a><\/div><\/div><\/div><!-- Single Item --><div class=\"swiper-slide\"><div class=\"th-team team-card style2\"><div class=\"img-wrap\"><div class=\"team-img\"><img decoding=\"async\" src=\"https:\/\/eraunique.com\/wp-content\/uploads\/2026\/01\/WhatsApp-Image-2026-01-21-at-14.14.54-e1769027096687.jpeg\" alt=\"WhatsApp Image 2026 01 21 at 14.14.54 e1769027096687\"  \/><\/div><div class=\"th-social-wrap\"><div class=\"th-social\"><a  href=\"https:\/\/www.linkedin.com\/in\/\"><i class=\"fab fa-linkedin\"><\/i><\/a><a  href=\"https:\/\/www.instagram.com\/\"><i class=\"fab fa-instagram\"><\/i><\/a><\/div><a class=\"icon-btn\" href=\"https:\/\/eraunique.com\/en\/ayten-k-yldz\/\"><img decoding=\"async\" src=\"https:\/\/eraunique.com\/wp-content\/plugins\/realar-core\/assets\/img\/arrow-right.svg\" alt=\"img\"><\/a><\/div><\/div><div class=\"team-card-content\"><div class=\"media-left\"><h3 class=\"box-title title\"><a href=\"https:\/\/eraunique.com\/en\/ayten-k-yldz\/\">Ayten K\u0131z\u0131lcan Y\u0131ld\u0131z<\/a><\/h3><span class=\"team-desig desig\">Property Consultant<\/span><\/div><\/div><\/div><\/div><!-- Single Item --><div class=\"swiper-slide\"><div class=\"th-team team-card style2\"><div class=\"img-wrap\"><div class=\"team-img\"><img decoding=\"async\" src=\"https:\/\/eraunique.com\/wp-content\/uploads\/2025\/12\/WhatsApp-Image-2025-12-26-at-15.30.28.jpeg\" alt=\"WhatsApp Image 2025 12 26 at 15.30.28\"  \/><\/div><div class=\"th-social-wrap\"><div class=\"th-social\"><\/div><a class=\"icon-btn\" href=\"https:\/\/eraunique.com\/en\/aylin-adakul\/\"><img decoding=\"async\" src=\"https:\/\/eraunique.com\/wp-content\/plugins\/realar-core\/assets\/img\/arrow-right.svg\" alt=\"img\"><\/a><\/div><\/div><div class=\"team-card-content\"><div class=\"media-left\"><h3 class=\"box-title title\"><a href=\"https:\/\/eraunique.com\/en\/aylin-adakul\/\">Aylin Adakul<\/a><\/h3><span class=\"team-desig desig\">Ofis Asistan\u0131<\/span><\/div><\/div><\/div><\/div><\/div><\/div><button data-slider-prev=\"#teamSlider2\" class=\"slider-arrow slider-prev\"><img decoding=\"async\" src=\"https:\/\/eraunique.com\/wp-content\/plugins\/realar-core\/assets\/img\/arrow-left.svg\" alt=\"\"><\/button><button data-slider-next=\"#teamSlider2\" class=\"slider-arrow slider-next\"><img decoding=\"async\" src=\"https:\/\/eraunique.com\/wp-content\/plugins\/realar-core\/assets\/img\/arrow-right.svg\" alt=\"\"><\/button><\/div>\t\t\t\t<\/div>\n\t\t\t\t<\/div>\n\t\t\t\t<\/div>\n\t\t\t\t\t<\/div>\n\t\t\t\t<\/div>\n\t\t\t\t<\/div>\n\t\t\t\t<\/div>","protected":false},"excerpt":{"rendered":"<p>Unique Vizyon &amp; Misyon Gayrimenkul sekt\u00f6r\u00fcnde d\u00fcr\u00fcstl\u00fck,\u015feffafl\u0131k ve g\u00fcven ilkesiyle tan\u0131nan, uzun vadeli ili\u015fkiler kuran ve en \u00e7ok tavsiye edilen ofis olmak. M\u00fc\u015fterisine her zaman geri d\u00f6n\u00fc\u015f yapan,s\u00f6z\u00fcn\u00fc tutan,\u00e7ok \u00e7al\u0131\u015fkan,y\u0131lmayan,kendini s\u00fcrekli geli\u015ftiren ve t\u00fcm bildiklerini ekibiyle payla\u015fan d\u00fcr\u00fcst bir ofis olarak fark yaratmak. Ofisimiz, gayrimenkul sekt\u00f6r\u00fcnde d\u00fcr\u00fcstl\u00fck, \u015feffafl\u0131k ve g\u00fcven ilkelerini temel alarak faaliyet g\u00f6stermektedir&#8230;.<\/p>","protected":false},"author":1,"featured_media":0,"parent":0,"menu_order":0,"comment_status":"closed","ping_status":"closed","template":"template-builder.php","meta":{"_monsterinsights_skip_tracking":false,"_monsterinsights_sitenote_active":false,"_monsterinsights_sitenote_note":"","_monsterinsights_sitenote_category":0,"footnotes":""},"class_list":["post-1398","page","type-page","status-publish","hentry"],"aioseo_notices":[],"_links":{"self":[{"href":"https:\/\/eraunique.com\/en\/wp-json\/wp\/v2\/pages\/1398","targetHints":{"allow":["GET"]}}],"collection":[{"href":"https:\/\/eraunique.com\/en\/wp-json\/wp\/v2\/pages"}],"about":[{"href":"https:\/\/eraunique.com\/en\/wp-json\/wp\/v2\/types\/page"}],"author":[{"embeddable":true,"href":"https:\/\/eraunique.com\/en\/wp-json\/wp\/v2\/users\/1"}],"replies":[{"embeddable":true,"href":"https:\/\/eraunique.com\/en\/wp-json\/wp\/v2\/comments?post=1398"}],"version-history":[{"count":59,"href":"https:\/\/eraunique.com\/en\/wp-json\/wp\/v2\/pages\/1398\/revisions"}],"predecessor-version":[{"id":7572,"href":"https:\/\/eraunique.com\/en\/wp-json\/wp\/v2\/pages\/1398\/revisions\/7572"}],"wp:attachment":[{"href":"https:\/\/eraunique.com\/en\/wp-json\/wp\/v2\/media?parent=1398"}],"curies":[{"name":"wp","href":"https:\/\/api.w.org\/{rel}","templated":true}]}}